{"id":100,"date":"2023-11-29T14:30:22","date_gmt":"2023-11-29T13:30:22","guid":{"rendered":"https:\/\/dev.test-wpo.pl\/?page_id=100"},"modified":"2025-06-11T12:35:16","modified_gmt":"2025-06-11T10:35:16","slug":"slowniki","status":"publish","type":"page","link":"https:\/\/ijppan.pl\/en\/publikacje-i-materialy\/slowniki\/","title":{"rendered":"Dictionaries"},"content":{"rendered":"<p>The Institute of Polish Language PAN is famous for its dictionaries. Below you can find names and links to those created and co-created by our employees.<\/p>\n<h2>Dictionaries describing history of Polish language<\/h2>\n<p><a href=\"https:\/\/pjs.ijppan.pl\/sstp.html\" target=\"_blank\" rel=\"noopener\">S\u0142ownik staropolski<\/a><\/p>\n<p><a href=\"https:\/\/spjs.ijppan.pl\" target=\"_blank\" rel=\"noopener\">S\u0142ownik poj\u0119ciowy j\u0119zyka staropolskiego<\/a><\/p>\n<p><a href=\"https:\/\/rcin.org.pl\/dlibra\/publication\/41880?#structure\" target=\"_blank\" rel=\"noopener\">S\u0142ownik polszczyzny Kochanowskiego<\/a><\/p>\n<p><a href=\"https:\/\/sxvii.pl\" target=\"_blank\" rel=\"noopener\">Elektroniczny S\u0142ownik J\u0119zyka Polskiego XVII i XVIII wieku<\/a><\/p>\n<p><a href=\"https:\/\/eswil.ijppan.pl\" target=\"_blank\" rel=\"noopener\">S\u0142ownik Wile\u0144ski<\/a><\/p>\n<p><a href=\"https:\/\/wsjp.pl\" target=\"_blank\" rel=\"noopener\">Wielki S\u0142ownik J\u0119zyka Polskiego<\/a><\/p>\n<h2>Dictionaries on language varieties and geolinguistic works<\/h2>\n<p>S\u0142ownik Gwar Polskich<\/p>\n<p>S\u0142ownik gwar Ostr\u00f3dzkiego, Warmii i Mazur<\/p>\n<p>S\u0142ownik gwary Zakopanego<\/p>\n<p>Atlas Linguarum Europae<\/p>\n<p>Og\u00f3lnos\u0142owia\u0144ski Atlas J\u0119zykowy<\/p>\n<p><a href=\"https:\/\/rcin.org.pl\/publication\/42984\" target=\"_blank\" rel=\"noopener\">S\u0142ownik etymologiczno-motywacyjny<\/a><\/p>\n<h2>Onomastic dictionaries<\/h2>\n<p><a href=\"https:\/\/www.rcin.org.pl\/dlibra\/results?action=AdvancedSearchAction&amp;type=-3&amp;p=0&amp;val1=Title:Antroponimia%20Polski%20od%20XVI%20do%20ko%C5%84ca%20XVIII%20wieku%20%3A%20wyb%C3%B3r%20artyku%C5%82%C3%B3w%20has%C5%82owych%20oraz%20wykazy%20nazwisk%20wraz%20z%20chronologi%C4%85%20i%20geografi%C4%85\" target=\"_blank\" rel=\"noopener\">Antroponimia Polski od XVI w.\u00a0do ko\u0144ca XVIII w.<\/a><\/p>\n<p><a href=\"https:\/\/www.rcin.org.pl\/dlibra\/publication\/39990#structure\" target=\"_blank\" rel=\"noopener\">S\u0142ownik staropolskich nazw osobowych<\/a><\/p>\n<p><a href=\"https:\/\/eshp.ijppan.pl\" target=\"_blank\" rel=\"noopener\">Elektroniczny s\u0142ownik hydronim\u00f3w Polski (ESHP)<\/a><\/p>\n<p><a href=\"https:\/\/www.rcin.org.pl\/dlibra\/publication\/15454#structure\" target=\"_blank\" rel=\"noopener\">Nazwy miejscowe Polski.\u00a0Historia. Pochodzenie. Zmiany<\/a><\/p>\n<p><a href=\"https:\/\/rcin.org.pl\/dlibra\/publication\/42984#structure\" target=\"_blank\" rel=\"noopener\">S\u0142ownik etymologiczno-motywacyjny staropolskich nazw osobowych<\/a><\/p>\n<p><a href=\"https:\/\/rcin.org.pl\/dlibra\/publication\/33731#structure\" target=\"_blank\" rel=\"noopener\">S\u0142ownik nazwisk wsp\u00f3\u0142cze\u015bnie w Polsce u\u017cywanych<\/a><\/p>\n<p>Nazwiska Polak\u00f3w. S\u0142ownik historyczno-etymologiczny<\/p>\n<p><a href=\"https:\/\/nazwiska.ijppan.pl\" target=\"_blank\" rel=\"noopener noreferrer\">Internetowy s\u0142ownik nazwisk w Polsce (ISNP)<\/a><\/p>\n<p><a href=\"https:\/\/rcin.org.pl\/dlibra\/publication\/4284\/edition\/233\" target=\"_blank\" rel=\"noopener\">S\u0142ownik imion wsp\u00f3\u0142cze\u015bnie w Polsce u\u017cywanych<\/a><\/p>\n<p>Lexikon der Familienamen polnischer Herkunft im Ruhrgebiet<\/p>\n<h2>Grammar dictionaries<\/h2>\n<p>S\u0142ownik sk\u0142adniowy<\/p>\n<p>S\u0142ownik sk\u0142adniowo-semantyczny czasownik\u00f3w polskich<\/p>\n<p><a href=\"https:\/\/rcin.org.pl\/ijp\/dlibra\/results?action=AdvancedSearchAction&amp;type=-3&amp;p=0&amp;val1=Title:S%C5%82ownik%20frekwencyjny%20polszczyzny%20wsp%C3%B3%C5%82czesnej\" target=\"_blank\" rel=\"noopener\">S\u0142ownik frekwencyjny polszczyzny wsp\u00f3\u0142czesnej<\/a><\/p>\n<h2>Other<\/h2>\n<p><a href=\"https:\/\/swz.ijppan.pl\" target=\"_blank\" rel=\"noopener\">S\u0142ownik Wyraz\u00f3w Zapomnianych<\/a><\/p>\n<p>S\u0142ownik polskich leksem\u00f3w potocznych, tzw. S\u0142ownik Lubasia<\/p>","protected":false},"excerpt":{"rendered":"<p>The Institute of Polish Language PAN is famous for its dictionaries. Below you can find names and links to those created and co-created by our employees. Dictionaries describing history of Polish language S\u0142ownik staropolski S\u0142ownik poj\u0119ciowy j\u0119zyka staropolskiego S\u0142ownik polszczyzny Kochanowskiego Elektroniczny S\u0142ownik J\u0119zyka Polskiego XVII i XVIII wieku S\u0142ownik Wile\u0144ski Wielki S\u0142ownik J\u0119zyka Polskiego [&hellip;]<\/p>\n","protected":false},"author":2,"featured_media":2627,"parent":98,"menu_order":0,"comment_status":"closed","ping_status":"closed","template":"page-templates\/page-classic.php","meta":{"_acf_changed":false,"inline_featured_image":false,"footnotes":""},"class_list":["post-100","page","type-page","status-publish","has-post-thumbnail","hentry"],"acf":[],"_links":{"self":[{"href":"https:\/\/ijppan.pl\/en\/wp-json\/wp\/v2\/pages\/100","targetHints":{"allow":["GET"]}}],"collection":[{"href":"https:\/\/ijppan.pl\/en\/wp-json\/wp\/v2\/pages"}],"about":[{"href":"https:\/\/ijppan.pl\/en\/wp-json\/wp\/v2\/types\/page"}],"author":[{"embeddable":true,"href":"https:\/\/ijppan.pl\/en\/wp-json\/wp\/v2\/users\/2"}],"replies":[{"embeddable":true,"href":"https:\/\/ijppan.pl\/en\/wp-json\/wp\/v2\/comments?post=100"}],"version-history":[{"count":8,"href":"https:\/\/ijppan.pl\/en\/wp-json\/wp\/v2\/pages\/100\/revisions"}],"predecessor-version":[{"id":11743,"href":"https:\/\/ijppan.pl\/en\/wp-json\/wp\/v2\/pages\/100\/revisions\/11743"}],"up":[{"embeddable":true,"href":"https:\/\/ijppan.pl\/en\/wp-json\/wp\/v2\/pages\/98"}],"wp:featuredmedia":[{"embeddable":true,"href":"https:\/\/ijppan.pl\/en\/wp-json\/wp\/v2\/media\/2627"}],"wp:attachment":[{"href":"https:\/\/ijppan.pl\/en\/wp-json\/wp\/v2\/media?parent=100"}],"curies":[{"name":"wp","href":"https:\/\/api.w.org\/{rel}","templated":true}]}}