{"id":102,"date":"2023-11-29T14:30:39","date_gmt":"2023-11-29T13:30:39","guid":{"rendered":"https:\/\/dev.test-wpo.pl\/?page_id=102"},"modified":"2024-07-09T10:34:32","modified_gmt":"2024-07-09T08:34:32","slug":"publikacje","status":"publish","type":"page","link":"https:\/\/ijppan.pl\/en\/publikacje-i-materialy\/publikacje\/","title":{"rendered":"PUBLICATIONS FOR YEARS"},"content":{"rendered":"<p><\/p>\n<h2>Dictionaries<\/h2>\n<p>Information about dictionaries released by the Institute is available on the page\u00a0<a href=\"https:\/\/ijppan.pl\/publikacje-i-materialy\/slowniki\/\">Dictionaries<\/a>.<\/p>\n<h2>Editorial series<\/h2>\n<p><a href=\"https:\/\/ijppan.pl\/prace-instytutu-jezyka-polskiego-pan\/\">Prace Instytutu J\u0119zyka Polskiego PAN<\/a><\/p>\n<h2>Books available only in digital form<\/h2>\n<ul>\n<li style=\"font-weight: 400;\"><a href=\"https:\/\/ijppan.pl\/publikacje-i-materialy\/publikacje\/nowe-studia-leksykograficzne-t-1\/\"><span style=\"font-weight: 400;\">Nowe studia leksykograficzne, t. 1<\/span><\/a><\/li>\n<li style=\"font-weight: 400;\"><a href=\"https:\/\/ijppan.pl\/publikacje-i-materialy\/publikacje\/nowe-studia-leksykograficzne-t-2\/\"><span style=\"font-weight: 400;\">Nowe studia leksykograficzne, t. 2<\/span><\/a><\/li>\n<\/ul>\n<h2><span lang=\"en-US\"><b>Monographs<\/b><\/span><\/h2>\n<ul>\n<li>Katarzyna Czarnecka, Ewa Dzi\u0119giel, Daria \u0141awrynow, Z Kres\u00f3w wschodnich na zachodnie. Relacje przesiedle\u0144c\u00f3w z komentarzem j\u0119zykowym, t. II: Lwowskie, pod red. Katarzyny Czarneckiej, Krak\u00f3w 2023.<\/li>\n<li>Helena Grochola-Szczepanek, Rozmowy na Spiszu. Antologia polskich tekst\u00f3w gwarowych, Krak\u00f3w 2022.<\/li>\n<li>Laktancjusz. Boskie pouczenia (Divinae Institvtiones). Ksi\u0119gi I\u2013III, przek\u0142ad z j\u0119zyka \u0142aci\u0144skiego i opracowanie \u0141ukasz Halida, Krak\u00f3w 2022.<\/li>\n<li>Dorota Suchacka-Pietrzak, J\u0119zyki w j\u0119zyku. Elementy obcoj\u0119zyczne w tw\u00f3rczo\u015bci Micha\u0142a Choroma\u0144skiego, Krak\u00f3w 2022.<\/li>\n<li>Bibliografia onomastyki polskiej od roku 2016 do roku 2020 w\u0142\u0105cznie, oprac. Iwona Nobis, Krak\u00f3w 2021.<\/li>\n<li>Wojciech W\u0142oskowicz, Uzus toponimiczny. Zarys teorii na przyk\u0142adzie polskiej toponimii Huculszczyzny, Krak\u00f3w 2021.<\/li>\n<li>Marzena Mi\u015bkiewicz, Obraz spo\u0142eczno\u015bci wiejskiej utrwalony w mi\u0119dzywojennej prozie stylizowanej na ludowo\u015b\u0107 (na przyk\u0142adzie tw\u00f3rczo\u015bci Wincentego Burka Stanis\u0142awa M\u0142odo\u017ce\u0144ca i Stanis\u0142awa Pi\u0119taka), Krak\u00f3w 2021.<\/li>\n<li>Katarzyna Czarnecka, Dorota A. Kowalska, Lyudmyla Yanushevska, Z Kres\u00f3w wschodnich na zachodnie. Relacje przesiedle\u0144c\u00f3w z komentarzem j\u0119zykowym, t. I: Tarnopolskie, pod red.<\/li>\n<li>Daria Joanna \u0141awrynow, Swoi w\u015br\u00f3d obcych. To\u017csamo\u015b\u0107 Kozak\u00f3w kuba\u0144skich by\u0142ego Wojska Czarnomorskiego oraz Kozak\u00f3w kazachsta\u0144skich (na podstawie tekst\u00f3w folklorystycznych), Krak\u00f3w 2020.<\/li>\n<li>Bibliografia onomastyki polskiej od roku 2011 do roku 2015 w\u0142\u0105cznie, oprac. Iwona Nobis, Krak\u00f3w 2020.<\/li>\n<li>Ewa Rodek, Przejawy \u015bwiadomo\u015bci j\u0119zykowej Polak\u00f3w w pierwszej po\u0142owie XVIII wieku, Krak\u00f3w 2020.<\/li>\n<li>Wielki s\u0142ownik j\u0119zyka polskiego PAN. Geneza, koncepcja, zasady opracowania, komitet redakcyjny: Piotr \u017bmigrodzki, Miros\u0142aw Ba\u0144ko, Barbara Batko-Tokarz, Jakub Bobrowski, Anna Czelakowska, Maciej Grochowski, Renata Przybylska, Jadwiga Waniakowa, Katarzyna W\u0119grzynek, Krak\u00f3w 2018.<\/li>\n<li>Onomastyka \u2013 neohumanistyka \u2013 nauki spo\u0142eczne, pod red. Urszuli Bijak, Halszki G\u00f3rny i Ma\u0142gorzaty Magdy-Czekaj, Krak\u00f3w 2018.<\/li>\n<li>Delicje ziemie w\u0142oskiej, oprac. W. Kordyzon i A. Wieczorek, Warszawa\u2013Krak\u00f3w 2017.<\/li>\n<li><span lang=\"en-US\">Amoenitates vel lepores philologiae. <\/span>Ksi\u0119ga jubileuszowa dedykowana prof. W. Twardzikowi, pod red. R. Laskowskiego i R. Mazurkiewicza, Krak\u00f3w 2007<\/li>\n<li>Anabasis. Prace ofiarowane Profesor Krystynie Pisarkowej, pod red. I. Bobrowskiego, Krak\u00f3w 2003<\/li>\n<li>El\u017cbieta Belcarzowa, Glosy polskie w \u0142aci\u0144skich kazaniach \u015bredniowiecznych. Cz\u0119\u015b\u0107 IV, Krak\u00f3w 2001<\/li>\n<li>Bibliografia onomastyki polskiej od roku 1981 do roku 1990 w\u0142\u0105cznie, oprac. R. Przybytek i K. Rymut, Krak\u00f3w 1992<\/li>\n<li>Bibliografia onomastyki polskiej od roku 1991 do roku 2000 w\u0142\u0105cznie, oprac. R. Przybytek i K. Rymut, Krak\u00f3w 2001<\/li>\n<li>Bibliografia onomastyki polskiej od roku 2001 do roku 2005 w\u0142\u0105cznie, oprac. Iwona Nobis przy wsp\u00f3\u0142pracy Rozalii Przybytek, Krak\u00f3w 2016<\/li>\n<li>Bibliografia onomastyki polskiej od roku 2006 do roku 2010 w\u0142\u0105cznie, oprac. Iwona Nobis, Krak\u00f3w 2016<\/li>\n<li>Bibliografia onomastyki polskiej od roku 2001 do roku 2010 w\u0142\u0105cznie. Suplement, oprac. Iwona Nobis przy wsp\u00f3\u0142pracy Rozalii Przybytek, Krak\u00f3w 2016<\/li>\n<li>Bibliografia podr\u0119czna gramatyki historycznej i historii j\u0119zyka polskiego. Cz\u0119\u015b\u0107 IV: 1979-1993, oprac. Z. Bukowcowa, Krak\u00f3w 2003<\/li>\n<li>Biblioteka zabytk\u00f3w polskiego pi\u015bmiennictwa \u015bredniowiecznego, edycja elektroniczna \u2013 p\u0142yta DVD, Krak\u00f3w 2006<\/li>\n<li>Urszula Bijak, Nazwy miejscowe po\u0142udniowej cz\u0119\u015bci dawnego wojew\u00f3dztwa mazowieckiego, Krak\u00f3w 2001<\/li>\n<li>Ireneusz Bobrowski, Sk\u0142adniowy model polszczyzny (seria: \u201eWsp\u00f3\u0142czesny j\u0119zyk polski\u201d, t. I), Krak\u00f3w 2005<\/li>\n<li>Ireneusz Bobrowski, Zaproszenie do j\u0119zykoznawstwa, Krak\u00f3w 1998<\/li>\n<li>Monika Bu\u0142awa, Sposoby wyra\u017cania s\u0105d\u00f3w warto\u015bciuj\u0105cych w tekstach prasowych, Krak\u00f3w 2014<\/li>\n<li>Iwona Cechosz, Polska gwara Oleszkowiec na Podolu. Fleksja imienna i werbalna, Krak\u00f3w 2001<\/li>\n<li>Iwona Cechosz-Felczyk, S\u0142ownictwo gwary Oleszkowiec i Hreczan (Greczan) na Podolu, Krak\u00f3w 2004<\/li>\n<li>Beata Chachulska, Analiza sk\u0142adniowa leksykalnych wyk\u0142adnik\u00f3w parametryzacji \u015bwiata, Krak\u00f3w 2002<\/li>\n<li>Katarzyna Czarnecka, S\u0142owotw\u00f3rstwo gwar polskich na Ukrainie. Czasownik, Krak\u00f3w 2014<\/li>\n<li>Artur Czesak, Joanna Okoniowa , Jadwiga Waniakowa , Standard zapisu fonetycznego polskich tekst\u00f3w gwarowych, Krak\u00f3w 2004<\/li>\n<li>Krystyna Data, Struktura dialogu we wsp\u00f3\u0142czesnej polszczy\u017anie m\u00f3wionej, Krak\u00f3w 2011<\/li>\n<li>Ewa Dzi\u0119giel, Polska gwara wsi Zielonej na Podolu na tle innych gwar po\u0142udniowokresowych. Fleksja imienna i werbalna, Krak\u00f3w 2001<\/li>\n<li>Ewa Dzi\u0119giel, Katarzyna Czarnecka, Dorota A. Kowalska, Lyudmyla Yanushevska, Polskoj\u0119zyczna prasa na Ukrainie sowieckiej w latach 1918-1939: przegl\u0105d tytu\u0142\u00f3w i tre\u015bci, Krak\u00f3w 2016<\/li>\n<li>Barbara Grabka, Nag\u0142os wokaliczny w gwarach polskich, Krak\u00f3w 2002<\/li>\n<li>Gramatyka wsp\u00f3\u0142czesnego j\u0119zyka polskiego. Fonetyka i fonologia, pod red. H. Wr\u00f3bla, Krak\u00f3w 1995<\/li>\n<li>Helena Grochola-Szczepanek, Rzeczowniki z\u0142o\u017cone w gwarach polskich, Krak\u00f3w 2002<\/li>\n<li>Ewelina Grze\u015bkiewicz, Modlitwa indywidualna w analizie genologicznej, Krak\u00f3w 2016<\/li>\n<li>Hydronimia s\u0142owia\u0144ska II, pod red. K. Rymuta, Krak\u00f3w 1996<\/li>\n<li>J\u0119zyk polski \u2013 wczoraj, dzi\u015b, jutro\u2026, pod red. B. Czopek-Kopciuch i P. \u017bmigrodzkiego, Krak\u00f3w 2010<\/li>\n<li>J\u0119zyki zachodnios\u0142owia\u0144skie wobec po\u017cyczek angielskich w ostatnim dwudziestoleciu. Gramatyka, leksyka, pragmatyka, uwarunkowania spo\u0142eczno-kulturowe, opracowa\u0142 zesp\u00f3\u0142 Zbigniew Gre\u0144, Krystyna Holly, Bo\u017cena Itoya, Maciej M\u0119trak, Teresa Sm\u00f3\u0142kowa, Anna \u017b\u00f3\u0142tak, Krak\u00f3w 2016<\/li>\n<li>Zofia Kaleta, Ewolucja nazwisk s\u0142owia\u0144skich. Studium teoretyczno-por\u00f3wnawcze, Krak\u00f3w 1991<\/li>\n<li>Karpacki atlas dialektologiczny. Indeksy, pod red. Janusza A. Riegera, Krak\u00f3w 2012<\/li>\n<li>Anna Kowalska, Podzia\u0142y j\u0119zykowe Mazowsza na tle podzia\u0142\u00f3w pozaj\u0119zykowych, Krak\u00f3w 1991<\/li>\n<li>Bogus\u0142aw Kreja, S\u0142owotw\u00f3rstwo polskich nazwisk. Struktury sufiksalne, Krak\u00f3w 2001<\/li>\n<li>Renata Kucharzyk, S\u0142ownictwo odantroponimiczne w gwarach polskich, Krak\u00f3w 2010<\/li>\n<li>Anna Ledzi\u0144ska, Gramatyka wobec sztuk wyzwolonych w pismach Izydora z Sewilli, Krak\u00f3w 2014<\/li>\n<li>Maria Malec, Imi\u0119 w polskiej antroponimii i kulturze, Krak\u00f3w 2001<\/li>\n<li>Metodologie j\u0119zykoznawstwa. Wsp\u00f3\u0142czesne tendencje i kontrowersje, pod red. P. Stalmaszczyka, Krak\u00f3w 2008<\/li>\n<li>Anna Miszta, J\u0119zykowo-kulturowy a tekstowy obraz \u015al\u0105zaka i \u015al\u0105zaczki we wsp\u00f3\u0142czesnych piosenkach \u015bl\u0105skich, Krak\u00f3w 2016<\/li>\n<li>Robert Mr\u00f3zek, Sfera onimiczna j\u0119zyka i jej w\u0142a\u015bciwo\u015bci kategorialno-funkcjonalne, Krak\u00f3w 2016<\/li>\n<li>Robert Mr\u00f3zek, S\u0142ownik motywacyjny antroponim\u00f3w przezwiskowych socjolektu m\u0142odzie\u017cowego, Krak\u00f3w 2007<\/li>\n<li>Munuscula linguistica in honorem Alexandrae Cie\u015blikowa oblata, pod red. K. Rymuta, K. Skowronek, B. Czopek-Kopciuch i M. Malec, Krak\u00f3w 2006<\/li>\n<li>My\u015bli wa\u017cne Jana Kochanowskiego, wyb\u00f3r i opracowanie Z. Bukowcowa, D. Janeczko, K. Kajtoch we wsp\u00f3\u0142pracy K. Dat\u0105 i U. Poprawsk\u0105, Krak\u00f3w 2004<\/li>\n<li>Anna Niepytalska-Osiecka, Socjolekt polskich alpinist\u00f3w. Analiza leksykalno-semantyczna s\u0142ownictwa, Krak\u00f3w 2014<\/li>\n<li>Nowe nazwy w\u0142asne \u2013 nowe tendencje naukowo-badawcze, pod red. A. Cie\u015blikowej, B. Czopek-Kopciuch i K. Skowronek, Krak\u00f3w 2007<\/li>\n<li>Nowe studia leksykograficzne 1, pod red. P. \u017bmigrodzkiego i R. Przybylskiej, Krak\u00f3w 2007<\/li>\n<li>Nowe studia leksykograficzne 2, pod red. P. \u017bmigrodzkiego i R. Przybylskiej, Krak\u00f3w 2008<\/li>\n<li><span lang=\"en-US\">Magdalena Nowotna, Le sujet et son identite dans le discours litteraire polonais contemporain, Krak\u00f3w 1992<\/span><\/li>\n<li>Od fonemu do tekstu. Prace dedykowane Profesorowi Romanowi Laskowskiemu, pod red. I. Bobrowskiego i K. Kowalik, Krak\u00f3w 2006<\/li>\n<li>Elena Palinciuc-Dudek, Nazwiska i imiona Polak\u00f3w z Kiszyniowa i okolicy w XIX i XX wieku, Krak\u00f3w 2011<\/li>\n<li>W\u0142adys\u0142aw Paryl przy wsp\u00f3\u0142pracy Miros\u0142awy Mieszczankowskiej, S\u0142ownik gwary przesiedle\u0144c\u00f3w ze wsi Tulig\u0142owy ko\u0142o Komarna, Krak\u00f3w 2004<\/li>\n<li>Eugeniusz Paw\u0142owski, Nazwy wodne S\u0105decczyzny, Krak\u00f3w 1996<\/li>\n<li>Marian Plezia, Scripta minora. \u0141acina \u015bredniowieczna i Wincenty Kad\u0142ubek, Krak\u00f3w 2001<\/li>\n<li><a name=\"_GoBack\"><\/a> Polskie nazwy w\u0142asne. Encyklopedia, pod red. E. Rzetelskiej-Feleszko, Krak\u00f3w 2005<\/li>\n<li>Emil Pop\u0142awski, Frazemy z biblijnymi nazwami osobowymi w gwarach polskich, Krak\u00f3w 2014<\/li>\n<li>Jerzy Reichan, Kazimierz Wo\u017aniak, Polskie atlasy dialektologiczne i etnograficzne, Krak\u00f3w 2004<\/li>\n<li>Jaros\u0142aw Reszka, Predykaty m\u00f3wienia implikuj\u0105ce poj\u0119cie z\u0142a w j\u0119zyku polskim, Krak\u00f3w 2001<\/li>\n<li>Janusz Rieger, Iwona Cechosz-Felczyk, Ewa Dzi\u0119giel, J\u0119zyk polski na Ukrainie w ko\u0144cu XX wieku. Cz\u0119\u015b\u0107 2: polszczyzna w Lwowskiem, \u017bytomierskiem i na Podolu. Teksty, Krak\u00f3w 2007<\/li>\n<li>Bo\u017cena Sieradzka-Baziur, Jana Kochanowskiego renesansowy \u015bwiat uczu\u0107. Analiza j\u0119zykoznawcza, Krak\u00f3w 2001<\/li>\n<li>Katarzyna Skowronek, Wsp\u00f3\u0142czesne nazwisko polskie. Studium statystyczno-kognitywne, Krak\u00f3w 2001<\/li>\n<li>Katarzyna Skowronek, Mariusz Rutkowski, media i nazwy. Z zagadnie\u0144 onomastyki medialnej, Krak\u00f3w 2004<\/li>\n<li>S\u0142owia\u0144ska onomastyka. Encyklopedia. Tom I-II, pod red. E. Rzetelskiej-Feleszko i A. Cie\u015blikowej przy wsp\u00f3\u0142udziale J. Dumy, Warszawa-Krak\u00f3w 2002-2003<\/li>\n<li>S\u0142ownictwo gwarowe przesiedle\u0144c\u00f3w z Ukrainy. S\u0142ownik por\u00f3wnawczy kilku wsi w Tarnopolskiem, z materia\u0142\u00f3w W. Paryla, oprac. K. Czarnecka, D. Kowalska, E. Rudolf-Zi\u00f3\u0142kowska, pod red. J. Riegera, Krak\u00f3w 2007<\/li>\n<li>S\u0142ownictwo gwarowe przesiedle\u0144c\u00f3w z Ukrainy. S\u0142ownik por\u00f3wnawczy kilku wsi we Lwowskiem, z materia\u0142\u00f3w zebranych pod kier. W\u0142adys\u0142awa Paryla, oprac. K. Czarnecka, D. A. Kowalska, E. Rudolf-Zi\u00f3\u0142kowska, pod red. K. Czarneckiej i D. A. Kowalskiej, Krak\u00f3w 2015<\/li>\n<li>Roman Stopa, Spod ch\u0142opskiej strzechy na katedr\u0119 uniwersytetu. Kartki z \u017cycia cz\u0142owieka op\u0119tanego muzyk\u0105, poezj\u0105, wsi\u0105 i Buszmenami, Krak\u00f3w 1995<\/li>\n<li>Studia Linguistica Polono-Jugoslavica VII, pod red. K. Soleckiej, Krak\u00f3w 1993<\/li>\n<li>El\u017cbieta Supranowicz, Nazwy ulic Krakowa , Krak\u00f3w 1995<\/li>\n<li>Ludwika Szelachowska-Winiarzowa, W poszukiwaniu prawdy historycznej. Problemy zwi\u0105zane z Janem Brosciusem, Krak\u00f3w 2010<\/li>\n<li>Barbara \u015aciga\u0142a-Stiller, Akty etykiety j\u0119zykowej na forach internetowych, Krak\u00f3w 2014<\/li>\n<li>Zuzanna Topoli\u0144ska, J\u0119zyk-cz\u0142owiek-przestrze\u0144, Warszawa-Krak\u00f3w 1996<\/li>\n<li>Zuzanna Topoli\u0144ska, Z Polski do Macedonii. Studia j\u0119zykoznawcze. Tom I: Problemy predykacji, Krak\u00f3w 2008<\/li>\n<li>Zuzanna Topoli\u0144ska, Z Polski do Macedonii. Studia j\u0119zykoznawcze. Tom II: Problemy nominacji, Krak\u00f3w 2009<\/li>\n<li>Toponimia i oronimia, pod red. A. Cie\u015blikowej i B. Czopek-Kopciuch, Krak\u00f3w 2001<\/li>\n<li>Wac\u0142aw Twardzik, O uwa\u017cniejszym ani\u017celi dotychmiast tekstu staropolskiego czytaniu i jakie z niego po\u017cytki p\u0142yn\u0105 rozprawa \u015bliczna i podziwienia godna, Krak\u00f3w 1997<\/li>\n<li>Anna Tyrpa, Cudzoziemcy i obce kraje w dialektach polskich, Krak\u00f3w 2011<\/li>\n<li>Zofia Wanicowa, <i>Ignota, dubia, reperta<\/i>. Czyta\u0107 i rozumie\u0107 staropolszczyzn\u0119, Krak\u00f3w 2009<\/li>\n<li>Agnieszka We\u0142pa, J\u0119zykowe komunikowanie uczu\u0107 w pie\u015bniach ludowych z Warmii i Mazur, Krak\u00f3w 2014<\/li>\n<li>Kinga Wenklar, Kobieta Pokucia i Huculszczyzny. Studium etnolingwistyczne, Krak\u00f3w 2011<\/li>\n<li>\u201eWielkie zwierciad\u0142o przyk\u0142ad\u00f3w\u201d w ruskim t\u0142umaczeniu Joana Przys\u0142opskiego z 1732 roku, oprac. E. Rudolf-Zi\u00f3\u0142kowska, Krak\u00f3w 2004<\/li>\n<li>Wok\u00f3\u0142 s\u0142ownika wsp\u00f3\u0142czesnego j\u0119zyka polskiego III. Studia Leksykograficzne 4, pod red. W. Lubasia i F. Sowy, Krak\u00f3w 1993<\/li>\n<li>Urszula W\u00f3jcik, Nazwy miejscowe dawnego wojew\u00f3dztwa rawskiego, Warszawa-Krak\u00f3w 2001<\/li>\n<li>Jadwiga Wronicz, Kazania cieszy\u0144skie z XVIII wieku ks. Henryka Brauna. Tekst i analiza j\u0119zyka, Cieszyn-Krak\u00f3w 2001<\/li>\n<li>Kinga Zawodzi\u0144ska-Bukowiec, Pseudonim polski od czas\u00f3w najdawniejszych do dzi\u015b, Krak\u00f3w 2014<\/li>\n<li>Beata Ziajka, J\u0119zykowo-kulturowy obraz \u015bwiata spo\u0142eczno\u015bci wiejskiej utrwalony w przezwiskach i przydomkach (na przyk\u0142adzie nieoficjalnych antroponim\u00f3w mieszka\u0144c\u00f3w Zag\u00f3rza i wsi okolicznych w powiecie chrzanowskim), Krak\u00f3w 2014<\/li>\n<li>Piotr \u017bmigrodzki, S\u0142owo-s\u0142ownik-rzeczywisto\u015b\u0107. Z problem\u00f3w leksykografii i metaleksykografii, Krak\u00f3w 2008<\/li>\n<\/ul>\n<p>&nbsp;<\/p>","protected":false},"excerpt":{"rendered":"<p>Dictionaries Information about dictionaries released by the Institute is available on the page\u00a0Dictionaries. Editorial series Prace Instytutu J\u0119zyka Polskiego PAN Books available only in digital form Nowe studia leksykograficzne, t. 1 Nowe studia leksykograficzne, t. 2 Monographs Katarzyna Czarnecka, Ewa Dzi\u0119giel, Daria \u0141awrynow, Z Kres\u00f3w wschodnich na zachodnie. Relacje przesiedle\u0144c\u00f3w z komentarzem j\u0119zykowym, t. II: [&hellip;]<\/p>\n","protected":false},"author":2,"featured_media":0,"parent":98,"menu_order":0,"comment_status":"closed","ping_status":"closed","template":"page-templates\/page-classic.php","meta":{"_acf_changed":false,"inline_featured_image":false,"footnotes":""},"class_list":["post-102","page","type-page","status-publish","hentry"],"acf":[],"_links":{"self":[{"href":"https:\/\/ijppan.pl\/en\/wp-json\/wp\/v2\/pages\/102","targetHints":{"allow":["GET"]}}],"collection":[{"href":"https:\/\/ijppan.pl\/en\/wp-json\/wp\/v2\/pages"}],"about":[{"href":"https:\/\/ijppan.pl\/en\/wp-json\/wp\/v2\/types\/page"}],"author":[{"embeddable":true,"href":"https:\/\/ijppan.pl\/en\/wp-json\/wp\/v2\/users\/2"}],"replies":[{"embeddable":true,"href":"https:\/\/ijppan.pl\/en\/wp-json\/wp\/v2\/comments?post=102"}],"version-history":[{"count":10,"href":"https:\/\/ijppan.pl\/en\/wp-json\/wp\/v2\/pages\/102\/revisions"}],"predecessor-version":[{"id":11206,"href":"https:\/\/ijppan.pl\/en\/wp-json\/wp\/v2\/pages\/102\/revisions\/11206"}],"up":[{"embeddable":true,"href":"https:\/\/ijppan.pl\/en\/wp-json\/wp\/v2\/pages\/98"}],"wp:attachment":[{"href":"https:\/\/ijppan.pl\/en\/wp-json\/wp\/v2\/media?parent=102"}],"curies":[{"name":"wp","href":"https:\/\/api.w.org\/{rel}","templated":true}]}}