{"id":10601,"date":"2023-12-08T12:10:00","date_gmt":"2023-12-08T11:10:00","guid":{"rendered":"https:\/\/dev.test-wpo.pl\/?page_id=10601"},"modified":"2024-07-09T10:38:03","modified_gmt":"2024-07-09T08:38:03","slug":"prace-instytutu-jezyka-polskiego-pan","status":"publish","type":"page","link":"https:\/\/ijppan.pl\/en\/prace-instytutu-jezyka-polskiego-pan\/","title":{"rendered":"SERIES: PRACE INSTYTUTU J\u0118ZYKA POLSKIEGO PAN"},"content":{"rendered":"<ul>\n<li>Nr 73: Krystyna Weyssenhoff-Bro\u017ckowa, Wp\u0142yw polszczyzny na \u0142acin\u0119 \u015bredniowieczn\u0105 w Polsce, Krak\u00f3w 1991<\/li>\n<li>Nr 74: Studia Gramatyczne X, pod red. M. Grochowskiego, Krak\u00f3w 1992<\/li>\n<li>Nr 75: Aleksandra Cie\u015blikowa, Derywacja paradygmatyczna w staropolskiej antroponimii, Krak\u00f3w 1991<\/li>\n<li>Nr 76: Dariusz Galasi\u0144ski, Chwalenie si\u0119 jako perswazyjny akt mowy, Krak\u00f3w 1992<\/li>\n<li>Nr 77: W\u0142adys\u0142aw Luba\u015b, Osobliwo\u015bci j\u0119zykowe poezji Ignacego Krasickiego, Krak\u00f3w 1992<\/li>\n<li>Nr 78: Studia historycznoj\u0119zykowe i dialektologiczne, pod red. M. Kuca\u0142y i J. Reichana, Krak\u00f3w 1992<\/li>\n<li>Nr 79: Jadwiga Wronicz, S\u0142ownictwo pisarzy cieszy\u0144skich XVIII wieku, Krak\u00f3w 1992<\/li>\n<li>Nr 80: Jadwiga Konieczna-Twardzikowa, Kategoria przypadka rzeczownika hiszpa\u0144skiego w polskiej analizie kontrastywnej, Krak\u00f3w 1992<\/li>\n<li>Nr 81: Krystyna Pisarkowa, Die Code der polnischen Lyrik der achtziger Jahre, Krak\u00f3w 1992<\/li>\n<li>Nr 82: Wies\u0142aw Morawski: Angielskie elementy leksykalne w j\u0119zyku polskich emigrant\u00f3w w Stanach Zjednoczonych i w Kanadzie, Krak\u00f3w 1992<\/li>\n<li>Nr 83: Anna i Jan Basarowie, Polska gwarowa terminologia rolnicza. Przygotowanie gleby, uprawa ziemniak\u00f3w, Krak\u00f3w 1992<\/li>\n<li>Nr 84: Ireneusz Bobrowski, J\u0119zykoznawstwo racjonalne. Z zagadnie\u0144 teorii j\u0119zykoznawczej i metodologii opis\u00f3w gramatycznych, Krak\u00f3w 1993<\/li>\n<li>Nr 85: Katarzyna Skowronek, Reklama. Studium pragmalingwistyczne, Krak\u00f3w 1993<\/li>\n<li>Nr 86: Krystyna Holly, Fonetyka w gwarze \u017bywiecczyzny, Krak\u00f3w 1993<\/li>\n<li>Nr 87: Indeks a tergo do \u201eS\u0142ownika staropolskich nazw osobowych\u201d, pod red. A. Cie\u015blikowej i M. Malec, Krak\u00f3w 1993<\/li>\n<li>Nr 88: Joanna Okoniowa, Przeciwstawienia kierunkowe w j\u0119zyku polskim, Krak\u00f3w 1994<\/li>\n<li>Nr 89: Krystyna Pisarkowa, Z pragmatycznej stylistyki, semantyki i historii j\u0119zyka. Wyb\u00f3r zagadnie\u0144, Krak\u00f3w 1994<\/li>\n<li>Nr 90: Studia Historycznoj\u0119zykowe I, pod red. Z. Kr\u0105\u017cy\u0144skiej i M. Kuca\u0142y, Krak\u00f3w 1994<\/li>\n<li>Nr 91: Felicja Wysocka, Polska terminologia lekarska do roku 1838, tom II: Anatomia. Jednowyrazowe nazwy motywowane, Krak\u00f3w 1994<\/li>\n<li>Nr 92: Tadeusz Szczerbowski, O grach j\u0119zykowych w tekstach polskiego i rosyjskiego kabaretu lat osiemdziesi\u0105tych, Krak\u00f3w 1994<\/li>\n<li>Nr 93: Studia Gramatyczne XI, pod red. I. Bobrowskiego i H. Wr\u00f3bla, Krak\u00f3w 1995<\/li>\n<li>Nr 94: Maria Malec, Imiona chrze\u015bcija\u0144skie w \u015bredniowiecznej Polsce, Krak\u00f3w 1994<\/li>\n<li>Nr 95: Maria Sadowska, Zmiany zak\u0142\u00f3ce\u0144 g\u0142osek w procesie reedukacji os\u00f3b z afazj\u0105, Krak\u00f3w 1996<\/li>\n<li>Nr 96: Katarzyna W\u0119grzynek, Sk\u0142adnia przymiotnika polskiego w uj\u0119ciu generatywno-transformacyjnym, Krak\u00f3w 1995<\/li>\n<li>Nr 97: Studia Dialektologiczne I, pod red. B. Dunaja i J. Reichana, Krak\u00f3w 1996<\/li>\n<li>Nr 98: Barbara Czopek-Kopciuch, Adaptacje niemieckich nazw miejscowych w j\u0119zyku polskim, Krak\u00f3w 1995<\/li>\n<li>Nr 99: Studia z leksykologii i gramatyki j\u0119zyk\u00f3w s\u0142owia\u0144skich, pod red. H. Wr\u00f3bla, Krak\u00f3w 1996<\/li>\n<li>Nr 100: Studia Historycznoj\u0119zykowe II, pod red. M. Kuca\u0142y i W. Rzepki, Krak\u00f3w 1996<\/li>\n<li>Nr 101: Krystyna Kowalik, Struktura morfonologiczna wsp\u00f3\u0142czesnej polszczyzny, Krak\u00f3w 1997<\/li>\n<li>Nr 102: Wies\u0142aw Lubaszewski, Gramatyka leksykalna w maszynowym s\u0142owniku j\u0119zyka polskiego,<b> <\/b>Krak\u00f3w 1997<\/li>\n<li>Nr 103: El\u017cbieta Belcarzowa, Glosy polskie w \u0142aci\u0144skich kazaniach \u015bredniowiecznych. Cz\u0119\u015b\u0107 III, Krak\u00f3w 1997<\/li>\n<li>Nr 104: Maciej Grochowski, Wyra\u017cenia funkcyjne. Studium leksykograficzne, Krak\u00f3w 1997<\/li>\n<li>Nr 105: Tadeusz Szczerbowski, Gry j\u0119zykowe w przek\u0142adach \u201dUlissesa\u201d Jamesa Joyce\u2019a, Krak\u00f3w 1998<\/li>\n<li>Nr 106: Krystyna Pisarkowa, Pragmatyka przek\u0142adu. Przypadki poetyckie, Krak\u00f3w 1998<\/li>\n<li>Nr 107: Jadwiga Waniakowa, Nazwy dni tygodnia w j\u0119zykach indoeuropejskich, Krak\u00f3w 1998<\/li>\n<li>Nr 108: Nowe s\u0142ownictwo polskie. Materia\u0142y z prasy lat 1985-1992. Cz. I: A-O, pod red. T. Sm\u00f3\u0142kowej, Krak\u00f3w 1998<\/li>\n<li>Nr 109: Indeks alfabetyczny wyraz\u00f3w z kartoteki \u201dS\u0142ownika gwar polskich\u201d. Tom I: A-O, tom II: P-\u017b, pod red. J. Reichana, Krak\u00f3w 1999<\/li>\n<li>Nr 110: Nowe s\u0142ownictwo polskie. Materia\u0142y z prasy lat 1985-1992. Cz\u0119\u015b\u0107 II: P-\u017b, pod red. T. Sm\u00f3\u0142kowej, Krak\u00f3w 1999<\/li>\n<li>Nr 111: Studia Historycznoj\u0119zykowe III, pod red. K. Rymuta i W. R. Rzepki, Krak\u00f3w 2000<\/li>\n<li>Nr 112: Marian Kuca\u0142a, Polszczyzna dawna i wsp\u00f3\u0142czesna. Studia i szkice, Krak\u00f3w 2000<\/li>\n<li>Nr 113: Teresa Sm\u00f3\u0142kowa, Neologizmy we wsp\u00f3\u0142czesnej leksyce polskiej, Krak\u00f3w 2001<\/li>\n<li>Nr 114: Studia Dialektologiczne II, pod red. J. Okoniowej i B. Dunaja, Krak\u00f3w 2002<\/li>\n<li>Nr 115: Jadwiga Waniakowa, Polska naukowa terminologia astronomiczna, Krak\u00f3w 2003<\/li>\n<li>Nr 116: Renata Kucharzyk, System fonetyczny i leksykalny wsi Rzepiennik Strzy\u017cewski w uj\u0119ciu socjolingwistycznym, Krak\u00f3w 2003<\/li>\n<li>Nr 117: Ma\u0142gorzata Magda-Czekaj, Historyczne nazwiska ludno\u015bci Olesna na \u015al\u0105sku Opolskim, Krak\u00f3w 2003<\/li>\n<li>Nr 118: Kazimierz Rymut, Szkice onomastyczne i historycznoj\u0119zykowe , Krak\u00f3w 2003<\/li>\n<li>Nr 119: Nowe s\u0142ownictwo polskie. Materia\u0142y z prasy lat 1993-2000. Cz\u0119\u015b\u0107 I: A-H, pod red. T. Sm\u00f3\u0142kowej, Krak\u00f3w 2004<\/li>\n<li>Nr 120: Barbara Czopek-Kopciuch, Nazwiska polskie w Zag\u0142\u0119biu Ruhry, Krak\u00f3w 2004<\/li>\n<li>Nr 121: Nowe s\u0142ownictwo polskie. Materia\u0142y z prasy lat 1993-2000. Cz\u0119\u015b\u0107 II: I-O, pod red. T. Sm\u00f3\u0142kowej, Krak\u00f3w 2004<\/li>\n<li>Nr 122: Beata Nowakowska, Nowe po\u0142\u0105czenia wyrazowe we wsp\u00f3\u0142czesnej polszczy\u017anie, Krak\u00f3w 2005<\/li>\n<li>Nr 123: Nowe s\u0142ownictwo polskie. Materia\u0142y z prasy lat 1993-2000. Cz\u0119\u015b\u0107 III: P-\u015a, pod red. T. Sm\u00f3\u0142kowej, Krak\u00f3w 2005<\/li>\n<li>Nr 124: Nowe s\u0142ownictwo polskie. Materia\u0142y z prasy lat 1993-2000. Cz\u0119\u015b\u0107 IV: T-\u017b; Suplement do cz. I-III, pod red. T. Sm\u00f3\u0142kowej, Krak\u00f3w 2006<\/li>\n<li>Nr 125: El\u017cbieta Belcarzowa, Polskie i czeskie \u017ar\u00f3d\u0142a przek\u0142adu Biblii Leopolity, Krak\u00f3w 2006<\/li>\n<li>Nr 126: Ma\u0142gorzata B. Majewska, Rzeczownikowe homonimy heterogeniczne. Analiza synchroniczna i diachroniczna, Krak\u00f3w 2006<\/li>\n<li>Nr 127: Studia Dialektologiczne III, pod red. J. Okoniowej, Krak\u00f3w 2006<\/li>\n<li>Nr 128: Bo\u017cena Sieradzka-Baziur, Mi\u0119dzy b\u0142ogos\u0142awie\u0144stwem a przekle\u0144stwem. Zagadnienia j\u0119zyka religijnego w tw\u00f3rczo\u015bci Jana Kasprowicza, Krak\u00f3w 2006<\/li>\n<li>Nr 129: Katarzyna Skowronek, Mi\u0119dzy sacrum a profanum. Studium j\u0119zykoznawcze list\u00f3w pasterskich Konferencji Episkopatu Polski (1945-2005), Krak\u00f3w 2006<\/li>\n<li>Nr 130: Felicja Wysocka, Polska terminologia lekarska do roku 1838. Tom III: Anatomia. Nazwy dwuwyrazowe, Krak\u00f3w 2007<\/li>\n<li>Nr 131: Ewa Deptuchowa, Odpowiedniki czeskiego aorystu w Biblii Kr\u00f3lowej Zofii (Genesis-Iosue), Krak\u00f3w 2008<\/li>\n<li>Nr 132: Dorota Adamiec, Frazeologia religijna okresu baroku (na tle tendencji kulturowych epoki), Krak\u00f3w 2007<\/li>\n<li>Nr 133: Rafa\u0142 L. G\u00f3rski, Diateza nacechowana w polszczy\u017anie. Studium korpusowe, Krak\u00f3w 2008<\/li>\n<li>Nr 134: Studia Dialektologiczne IV, pod red. H. Kurek, A. Tyrpy i J. Wronicz, Krak\u00f3w 2010<\/li>\n<li>Nr 135: Nowe s\u0142ownictwo polskie. Materia\u0142y z prasy lat 2001-2005. Cz\u0119\u015b\u0107 I: A-D, pod red. T. Sm\u00f3\u0142kowej, Krak\u00f3w 2010<\/li>\n<li>Nr 136: Nowe s\u0142ownictwo polskie. Materia\u0142y z prasy lat 2001-2005. Cz\u0119\u015b\u0107 II: E-J, pod red. T. Sm\u00f3\u0142kowej, Krak\u00f3w 2010<\/li>\n<li>Nr 137: Ma\u0142gorzata Magda-Czekaj, Wybrane typy s\u0142owotw\u00f3rcze nazwisk okresu \u015bredniopolskiego w uj\u0119ciu historyczno-spo\u0142ecznym, Krak\u00f3w 2011<\/li>\n<li>Nr 138: Barbara Grabka, Obrz\u0119dowo\u015b\u0107 roku ko\u015bcielnego w gwarach polskich. Od adwentu do zapust\u00f3w, Krak\u00f3w 2012<\/li>\n<li>Nr 139: Helena Grochola-Szczepanek, J\u0119zyk mieszka\u0144c\u00f3w Spisza. P\u0142e\u0107 jako czynnik r\u00f3\u017cnicuj\u0105cy, Krak\u00f3w 2012<\/li>\n<li>Nr 140: Bogumi\u0142 Ostrowski, Bia\u0142oruskie gwary Grodzie\u0144szczyzny. Wybrane zagadnienia, Krak\u00f3w 2013<\/li>\n<li>Nr 141: Nowe s\u0142ownictwo polskie. Materia\u0142y z prasy lat 2001-2005. Cz\u0119\u015b\u0107 III: K-M, pod red. T. Sm\u00f3\u0142kowej, Krak\u00f3w 2013<\/li>\n<li>Nr 142: Urszula Bijak, Nazwy wodne dorzecza Wis\u0142y. Potamonimy odapelatywne, Krak\u00f3w 2013<\/li>\n<li>Nr 143: Halszka G\u00f3rny, Nazwy w\u0142asne w pi\u015bmiennictwie pami\u0119tnikarskim XIX wieku. Perspektywa funkcjonalno-tekstologiczna, Krak\u00f3w 2013<\/li>\n<li>Nr 144: Nowe s\u0142ownictwo polskie. Materia\u0142y z prasy lat 2001-2005. Cz\u0119\u015b\u0107 IV: N-R, pod red. T. Sm\u00f3\u0142kowej, Krak\u00f3w 2013<\/li>\n<li>Nr 145: Nowe s\u0142ownictwo polskie. Materia\u0142y z prasy lat 2001-2005. Cz\u0119\u015b\u0107 V: S-U, pod red. T. Sm\u00f3\u0142kowej, Krak\u00f3w 2014<\/li>\n<li>Nr 146: Anna Kostecka-Sadowa, Rzeczownikowe zapo\u017cyczenia wschodnios\u0142owia\u0144skie w gwarach polskich, Krak\u00f3w 2015<\/li>\n<li>Nr 147: Nowe s\u0142ownictwo polskie. Materia\u0142y z prasy lat 2001-2005. Cz\u0119\u015b\u0107 VI: V-\u017b, pod red. T. Sm\u00f3\u0142kowej, Krak\u00f3w 2015<\/li>\n<li>Nr 148: Agnieszka Maci\u0105g-Fiedler, <i>Astrorum divina ars et scientia. <\/i>S\u0142ownictwo astronomiczne w \u0142aci\u0144skich pismach polskich autor\u00f3w doby \u015bredniowiecza, Krak\u00f3w 2016<\/li>\n<li>Nr 149: Iwona Nobis, Rozw\u00f3j fleksji nazw miejscowych w j\u0119zyku polskim, Krak\u00f3w 2016<\/li>\n<li>Nr 150: Micha\u0142 Wo\u017aniak, Jak znale\u017a\u0107 ig\u0142\u0119 w stogu siana? Automatyczna ekstrakcja wielosegmentowych jednostek leksykalnych z tekstu polskiego, Krak\u00f3w 2017<\/li>\n<li>Nr 151: Rafa\u0142 L. G\u00f3rski, Magdalena Kr\u00f3l, Maciej Eder, Zmiana w j\u0119zyku. Studia kwantytatywno-korpusowe, Krak\u00f3w 2019<\/li>\n<li>Nr 152: Piotr Rybka, Samog\u0142oski w gwarach G\u00f3rnego \u015al\u0105ska i polszczy\u017anie og\u00f3lnej. Por\u00f3wnanie z wykorzystaniem danych akustycznych i artykulacyjnych, Krak\u00f3w 2018<\/li>\n<li>Nr 153: Magdalena Majdak, G\u0142os . Studium leksykograficzne, Krak\u00f3w 2019<\/li>\n<li>Nr 154: Monika Bu\u0142awa, Nazwy chor\u00f3b w gwarach polskich, Krak\u00f3w 2019<\/li>\n<li>Nr 155: Studia Dialektologiczne V, pod redakcj\u0105 Barbary Grabki, Renaty Kucharzyk, Anny Tyrp, Krak\u00f3w 2019<\/li>\n<li>Nr 156: Jakub Bobrowski, \u201eStaropolszczyzna\u201d filmowa. Osobliwo\u015bci j\u0119zykowe jako wyk\u0142adniki stylizacji historycznej w dzie\u0142ach audiowizualnych, Krak\u00f3w 2020<\/li>\n<li>Nr 157: Bo\u017cena Sieradzka-Baziur, Onomazjologiczny s\u0142ownik online. Metodologia, zawarto\u015b\u0107, wykorzystanie w badaniach na przyk\u0142adzie \u201eS\u0142ownika poj\u0119ciowego j\u0119zyka staropolskiego\u201d, Krak\u00f3w 2020<\/li>\n<li>Nr 158: Dorota Mika, Trwa\u0142o\u015b\u0107 i przemiany staropolskiej leksyki z zakresu proces\u00f3w poznawczych, Krak\u00f3w 2020<\/li>\n<li>Nr 159: Ireneusz Bobrowski, Zagadnienia metodologii i filozofii j\u0119zykoznawstwa, Krak\u00f3w 2020<\/li>\n<li>Nr 160: Katarzyna Konczewska, Polacy i j\u0119zyk polski na Grodzie\u0144szczy\u017anie, Krak\u00f3w 2021<\/li>\n<li>Nr 161: Rozariusze z polskimi glosami, pod redakcj\u0105 naukow\u0105 Ewy Deptuchowej, Krak\u00f3w 2020<\/li>\n<li>Nr 162: Anna Tyrpa, P\u00f3\u0142 wieku z polszczyzn\u0105, pod redakcj\u0105 Moniki Bu\u0142awy, Barbary Grabki, Renaty Kucharzyk, Krak\u00f3w 2021<\/li>\n<li>Nr 163: Katarzyna Jasi\u0144ska, Dziedzictwo indoeuropejskie w staropolszczy\u017anie. Rzeczowniki, Krak\u00f3w 2021<\/li>\n<li>Nr 164: Katarzyna Jasi\u0144ska, Mariusz Le\u0144czuk, Dorota Ko\u0142odziej, Dwa \u0142aci\u0144skie rozariusze z polskimi glosami. Rozariusz dominika\u0144ski, Rozariusz wroc\u0142awski , Krak\u00f3w 2022<\/li>\n<li>Nr 165: Maciej Grochowski, Szyk jednostek funkcyjnych we wsp\u00f3\u0142czesnym j\u0119zyku polskim, Krak\u00f3w 2023<\/li>\n<li>Nr 166: Ireneusz Bobrowski, Rodzaj w gramatyce polskiej. Interpretacja sk\u0142adniowa, Krak\u00f3w 2024<\/li>\n<\/ul>\n","protected":false},"excerpt":{"rendered":"<p>Nr 73: Krystyna Weyssenhoff-Bro\u017ckowa, Wp\u0142yw polszczyzny na \u0142acin\u0119 \u015bredniowieczn\u0105 w Polsce, Krak\u00f3w 1991 Nr 74: Studia Gramatyczne X, pod red. M. Grochowskiego, Krak\u00f3w 1992 Nr 75: Aleksandra Cie\u015blikowa, Derywacja paradygmatyczna w staropolskiej antroponimii, Krak\u00f3w 1991 Nr 76: Dariusz Galasi\u0144ski, Chwalenie si\u0119 jako perswazyjny akt mowy, Krak\u00f3w 1992 Nr 77: W\u0142adys\u0142aw Luba\u015b, Osobliwo\u015bci j\u0119zykowe poezji Ignacego [&hellip;]<\/p>\n","protected":false},"author":2,"featured_media":0,"parent":0,"menu_order":0,"comment_status":"closed","ping_status":"closed","template":"page-templates\/page-classic.php","meta":{"_acf_changed":false,"inline_featured_image":false,"footnotes":""},"class_list":["post-10601","page","type-page","status-publish","hentry"],"acf":[],"_links":{"self":[{"href":"https:\/\/ijppan.pl\/en\/wp-json\/wp\/v2\/pages\/10601","targetHints":{"allow":["GET"]}}],"collection":[{"href":"https:\/\/ijppan.pl\/en\/wp-json\/wp\/v2\/pages"}],"about":[{"href":"https:\/\/ijppan.pl\/en\/wp-json\/wp\/v2\/types\/page"}],"author":[{"embeddable":true,"href":"https:\/\/ijppan.pl\/en\/wp-json\/wp\/v2\/users\/2"}],"replies":[{"embeddable":true,"href":"https:\/\/ijppan.pl\/en\/wp-json\/wp\/v2\/comments?post=10601"}],"version-history":[{"count":4,"href":"https:\/\/ijppan.pl\/en\/wp-json\/wp\/v2\/pages\/10601\/revisions"}],"predecessor-version":[{"id":11208,"href":"https:\/\/ijppan.pl\/en\/wp-json\/wp\/v2\/pages\/10601\/revisions\/11208"}],"wp:attachment":[{"href":"https:\/\/ijppan.pl\/en\/wp-json\/wp\/v2\/media?parent=10601"}],"curies":[{"name":"wp","href":"https:\/\/api.w.org\/{rel}","templated":true}]}}