{"id":10620,"date":"2023-12-08T12:37:59","date_gmt":"2023-12-08T11:37:59","guid":{"rendered":"https:\/\/dev.test-wpo.pl\/?page_id=10620"},"modified":"2023-12-12T10:55:59","modified_gmt":"2023-12-12T09:55:59","slug":"nowe-studia-leksykograficzne-t-2","status":"publish","type":"page","link":"https:\/\/ijppan.pl\/en\/publikacje-i-materialy\/publikacje\/nowe-studia-leksykograficzne-t-2\/","title":{"rendered":"New lexicographic studies, vol. 2"},"content":{"rendered":"<p>                            <\/p>\n<p>Krak\u00f3w 2008: Wyd. Lexis<\/p>\n<p><a href=\"https:\/\/ijppan.pl\/wp-content\/uploads\/2018\/10\/00przedmowa.pdf\" target=\"_blank\" rel=\"noopener noreferrer\"> Przedmowa <\/a><\/p>\n<p><strong>Nad koncepcj\u0105 Wielkiego s\u0142ownika j\u0119zyka polskiego:<\/strong><\/p>\n<ul>\n<li><a href=\"https:\/\/ijppan.pl\/wp-content\/uploads\/2018\/10\/01grochowski.pdf\" target=\"_blank\" rel=\"noopener noreferrer\"> MACIEJ GROCHOWSKI: Za\u0142o\u017cenia og\u00f3lne opisu tzw. wyra\u017ce\u0144 funkcyjnych w<em>Wielkim s\u0142owniku j\u0119zyka polskiego<\/em> <\/a><\/li>\n<li><a href=\"https:\/\/ijppan.pl\/wp-content\/uploads\/2018\/10\/02przybylska.pdf\" target=\"_blank\" rel=\"noopener noreferrer\">RENATA PRZYBYLSKA: Znaczniki semantyczne w <em>Wielkim s\u0142owniku j\u0119zyka polskiego<\/em> <\/a><\/li>\n<li><a href=\"https:\/\/ijppan.pl\/wp-content\/uploads\/2018\/10\/03batko.pdf\" target=\"_blank\" rel=\"noopener noreferrer\">BARBARA BATKO-TOKARZ: Tematyczny podzia\u0142 s\u0142ownictwa w <em>Wielkim s\u0142owniku j\u0119zyka polskiego<\/em> <\/a><\/li>\n<li><a href=\"https:\/\/ijppan.pl\/wp-content\/uploads\/2018\/10\/04wegrzynek.pdf\" target=\"_blank\" rel=\"noopener noreferrer\"> KATARZYNA W\u0118GRZYNEK: Szczeg\u00f3\u0142owe zasady i konwencje technicznenotowania informacji sk\u0142adniowej w <em>Wielkim s\u0142owniku j\u0119zyka polskiego<\/em> <\/a><\/li>\n<li><a href=\"https:\/\/ijppan.pl\/wp-content\/uploads\/2018\/10\/06fedorowicz.pdf\" target=\"_blank\" rel=\"noopener noreferrer\">AGNIESZKA FEDOROWICZ: Dob\u00f3r i zasady opisu skr\u00f3t\u00f3w i skr\u00f3towc\u00f3w w <em>Wielkim s\u0142owniku j\u0119zyka polskiego<\/em> <\/a><\/li>\n<li><a href=\"https:\/\/ijppan.pl\/wp-content\/uploads\/2018\/10\/07palka.pdf\" target=\"_blank\" rel=\"noopener noreferrer\"> PATRYCJA PA\u0141KA, PIOTR \u017bMIGRODZKI: Z zagadnie\u0144 opisu leksykograficznego przymiotnik\u00f3w relacyjnych (na przyk\u0142adzie przymiotnik\u00f3w z sufiksem -owy) <\/a><\/li>\n<li><a href=\"https:\/\/ijppan.pl\/wp-content\/uploads\/2018\/10\/08flicinski.pdf\" target=\"_blank\" rel=\"noopener noreferrer\">PIOTR FLICI\u0143SKI: Frazeologia w <em>Wielkim s\u0142owniku j\u0119zyka polskiego<\/em> a zas\u00f3b zwi\u0105zk\u00f3w idiomatycznych wsp\u00f3\u0142czesnej polszczyzny <\/a><\/li>\n<li><a href=\"https:\/\/ijppan.pl\/wp-content\/uploads\/2018\/10\/09gorski.pdf\" target=\"_blank\" rel=\"noopener noreferrer\"> RAFA\u0141 L. G\u00d3RSKI: Charakterystyka chronologiczna i stylistyczna korpusu <\/a><\/li>\n<\/ul>\n<p><strong>Og\u00f3lne i szczeg\u00f3\u0142owe problemy leksykografii:<\/strong><\/p>\n<ul>\n<li><a href=\"https:\/\/ijppan.pl\/wp-content\/uploads\/2018\/10\/10ulitzka.pdf\" target=\"_blank\" rel=\"noopener noreferrer\"> EWA ULITZKA: S\u0142ownikowy podzia\u0142 cz\u0119\u015bci mowy w \u015bwietle zada\u0144 metaleksykografii <\/a><\/li>\n<li><a href=\"https:\/\/ijppan.pl\/wp-content\/uploads\/2018\/10\/banko.pdf\" target=\"_blank\" rel=\"noopener noreferrer\"> MIROS\u0141AW BA\u0143KO: O tzw. prozodii semantycznej i jej opisie w s\u0142ownikach <\/a><\/li>\n<li><a href=\"https:\/\/ijppan.pl\/wp-content\/uploads\/2018\/10\/11kwasnicka.pdf\" target=\"_blank\" rel=\"noopener noreferrer\"> AGATA KWA\u015aNICKA-JANOWICZ: Problemy zwi\u0105zane z wprowadzaniem ilustracji do hase\u0142 s\u0142ownikowych <\/a><\/li>\n<li><a href=\"https:\/\/ijppan.pl\/wp-content\/uploads\/2018\/10\/13kowalik.pdf\" target=\"_blank\" rel=\"noopener noreferrer\"> KRYSTYNA KOWALIK: Pochodne nazw w\u0142asnych w s\u0142ownikach og\u00f3lnych wsp\u00f3\u0142czesnej polszczyzny <\/a><\/li>\n<li><a href=\"https:\/\/ijppan.pl\/wp-content\/uploads\/2018\/10\/15Andrzejczuk.pdf\" target=\"_blank\" rel=\"noopener noreferrer\">ANNA ANDRZEJCZUK, \u0141UKASZ SZA\u0141KIEWICZ: Informacje fleksyjne w <em>Encyklopedycznym s\u0142owniku j\u0119zyka polskiego<\/em> na tle polskiej tradycji leksykograficznej <\/a><\/li>\n<li><a href=\"https:\/\/ijppan.pl\/wp-content\/uploads\/2018\/10\/16Saloni.pdf\" target=\"_blank\" rel=\"noopener noreferrer\"> ZYGMUNT SALONI, KRYSTYNA WILCZEWSKA, Co komu przystoi <\/a><\/li>\n<\/ul>\n<p><strong>Leksykografia za granic\u0105:<\/strong><\/p>\n<ul>\n<li><a href=\"https:\/\/ijppan.pl\/wp-content\/uploads\/2018\/10\/18Malcharek.pdf\" target=\"_blank\" rel=\"noopener noreferrer\"> EWELINA MALCHAREK: <em>Elexiko<\/em> \u2013 niemiecki system leksykograficzny. <\/a><\/li>\n<li><a href=\"https:\/\/ijppan.pl\/wp-content\/uploads\/2018\/10\/19Stalmaszczyk.pdf\" target=\"_blank\" rel=\"noopener noreferrer\">PIOTR STALMASZCZYK: Elektroniczny s\u0142ownik j\u0119zyka irlandzkiego \u2013 <em>Electronic Dictionary of the Irish Language<\/em> (eDIL) <\/a><\/li>\n<li><a href=\"https:\/\/ijppan.pl\/wp-content\/uploads\/2018\/10\/20Wegiel-rec.pdf\" target=\"_blank\" rel=\"noopener noreferrer\"> MARIA W\u0118GIEL: <em>Tr\u00e9sor de la Langue Fran\u00e7aise informatis\u00e9<\/em> <\/a><\/li>\n<\/ul>\n<p><strong>Recenzje:<\/strong><\/p>\n<ul>\n<li><a href=\"https:\/\/ijppan.pl\/wp-content\/uploads\/2018\/10\/21Zmigrodzki.pdf\" target=\"_blank\" rel=\"noopener noreferrer\">PIOTR \u017bMIGRODZKI: Erika Worbs, Andrzej Markowski, Andreas Meger, <em>Polnisch-deutsches W\u00f6rterbuch der Neologismen<\/em> <\/a><\/li>\n<li><a href=\"https:\/\/ijppan.pl\/wp-content\/uploads\/2018\/10\/22Kowalik-rec.pdf\" target=\"_blank\" rel=\"noopener noreferrer\"> KRYSTYNA KOWALIK: <em> S\u0142ownik gniazd s\u0142owotw\u00f3rczych wsp\u00f3\u0142czesnego j\u0119zyka polskiego, <\/em> t. 3-4<\/a><\/li>\n<\/ul>\n<p><\/p>","protected":false},"excerpt":{"rendered":"<p>Krak\u00f3w 2008: Wyd. Lexis Przedmowa Nad koncepcj\u0105 Wielkiego s\u0142ownika j\u0119zyka polskiego: MACIEJ GROCHOWSKI: Za\u0142o\u017cenia og\u00f3lne opisu tzw. wyra\u017ce\u0144 funkcyjnych wWielkim s\u0142owniku j\u0119zyka polskiego RENATA PRZYBYLSKA: Znaczniki semantyczne w Wielkim s\u0142owniku j\u0119zyka polskiego BARBARA BATKO-TOKARZ: Tematyczny podzia\u0142 s\u0142ownictwa w Wielkim s\u0142owniku j\u0119zyka polskiego KATARZYNA W\u0118GRZYNEK: Szczeg\u00f3\u0142owe zasady i konwencje technicznenotowania informacji sk\u0142adniowej w Wielkim s\u0142owniku j\u0119zyka [&hellip;]<\/p>\n","protected":false},"author":2,"featured_media":0,"parent":102,"menu_order":0,"comment_status":"closed","ping_status":"closed","template":"page-templates\/page-classic.php","meta":{"_acf_changed":false,"inline_featured_image":false,"footnotes":""},"class_list":["post-10620","page","type-page","status-publish","hentry"],"acf":[],"_links":{"self":[{"href":"https:\/\/ijppan.pl\/en\/wp-json\/wp\/v2\/pages\/10620","targetHints":{"allow":["GET"]}}],"collection":[{"href":"https:\/\/ijppan.pl\/en\/wp-json\/wp\/v2\/pages"}],"about":[{"href":"https:\/\/ijppan.pl\/en\/wp-json\/wp\/v2\/types\/page"}],"author":[{"embeddable":true,"href":"https:\/\/ijppan.pl\/en\/wp-json\/wp\/v2\/users\/2"}],"replies":[{"embeddable":true,"href":"https:\/\/ijppan.pl\/en\/wp-json\/wp\/v2\/comments?post=10620"}],"version-history":[{"count":2,"href":"https:\/\/ijppan.pl\/en\/wp-json\/wp\/v2\/pages\/10620\/revisions"}],"predecessor-version":[{"id":10702,"href":"https:\/\/ijppan.pl\/en\/wp-json\/wp\/v2\/pages\/10620\/revisions\/10702"}],"up":[{"embeddable":true,"href":"https:\/\/ijppan.pl\/en\/wp-json\/wp\/v2\/pages\/102"}],"wp:attachment":[{"href":"https:\/\/ijppan.pl\/en\/wp-json\/wp\/v2\/media?parent=10620"}],"curies":[{"name":"wp","href":"https:\/\/api.w.org\/{rel}","templated":true}]}}