{"id":10641,"date":"2023-12-08T12:53:31","date_gmt":"2023-12-08T11:53:31","guid":{"rendered":"https:\/\/dev.test-wpo.pl\/?page_id=10641"},"modified":"2023-12-08T12:53:35","modified_gmt":"2023-12-08T11:53:35","slug":"korpus-tekstow-staropolskich","status":"publish","type":"page","link":"https:\/\/ijppan.pl\/en\/publikacje-i-materialy\/zasoby\/korpus-tekstow-staropolskich\/","title":{"rendered":"KORPUS TEKST\u00d3W STAROPOLSKICH"},"content":{"rendered":"\n<p>Pliki pdf zamieszczone poni\u017cej nosz\u0105 nazwy zgodne z oznaczeniami skr\u00f3t\u00f3w zabytk\u00f3w w S\u0142owniku staropolskim. Zawieraj\u0105 one wy\u0142\u0105cznie transkrypcj\u0119 zabytk\u00f3w, w wi\u0119kszo\u015bci wykonan\u0105 w Pracowni J\u0119zyka Staropolskiego IJP PAN po raz pierwszy (np. BZ, Dzia\u0142, EwZam, ListTat, MW, Naw, Pu\u0142, Sul), w pozosta\u0142ej cz\u0119\u015bci odmienn\u0105 od dotychczasowych wyda\u0144.<\/p>\n<p>Do otwarcia plik\u00f3w potrzebne jest odpowiednie oprogramowanie, np. <a href=\"https:\/\/get.adobe.com\/pl\/reader\/\" target=\"_blank\" rel=\"noopener\"> Adobe Acrobat Reader <\/a> (dost\u0119pny dla wszystkich system\u00f3w operacyjnych), <a href=\"http:\/\/www.foolabs.com\/xpdf\/download.html\" target=\"_blank\" rel=\"noopener\"> Xpdf <\/a>, czy <a href=\"https:\/\/wiki.gnome.org\/Apps\/Evince\/Downloads\" target=\"_blank\" rel=\"noopener\">Evince<\/a> (w systemach unixowych, w tym pod linuksem).<br \/>\nProgramy te s\u0105 darmowe.<\/p>\n<ol>\n<li><a href=\"https:\/\/ijppan.pl\/wp-content\/uploads\/2018\/10\/Blaz.pdf\" target=\"_blank\" rel=\"noopener\"> Blaz <\/a> \u2013 \u017bywot \u015bwi\u0119tego B\u0142a\u017ceja<\/li>\n<li><a href=\"https:\/\/ijppan.pl\/wp-content\/uploads\/2018\/10\/BZ.pdf\" target=\"_blank\" rel=\"noopener\"> BZ <\/a> \u2013 Biblia kr\u00f3lowej Zofii<\/li>\n<li><a href=\"https:\/\/ijppan.pl\/wp-content\/uploads\/2018\/10\/Dzial.pdf\" target=\"_blank\" rel=\"noopener\"> Dzial <\/a> \u2013 Kodeks Dzia\u0142y\u0144skich<\/li>\n<li><a href=\"https:\/\/ijppan.pl\/wp-content\/uploads\/2018\/10\/EwZam.pdf\" target=\"_blank\" rel=\"noopener\"> EwZam <\/a> \u2013 Ewangeliarz Zamoyskich<\/li>\n<li><a href=\"https:\/\/ijppan.pl\/wp-content\/uploads\/2018\/10\/Fl.pdf\" target=\"_blank\" rel=\"noopener\"> Fl <\/a> \u2013 Psa\u0142terz floria\u0144ski<\/li>\n<li><a href=\"https:\/\/ijppan.pl\/wp-content\/uploads\/2018\/10\/Gn.pdf\" target=\"_blank\" rel=\"noopener\"> Gn <\/a> \u2013 Kazania gnie\u017anie\u0144skie<\/li>\n<li><a href=\"https:\/\/ijppan.pl\/wp-content\/uploads\/2018\/10\/Ksw.pdf\" target=\"_blank\" rel=\"noopener\"> Ksw <\/a> \u2013 Kazania \u015bwi\u0119tokrzyskie<\/li>\n<li><a href=\"https:\/\/ijppan.pl\/wp-content\/uploads\/2018\/10\/ListTat.pdf\" target=\"_blank\" rel=\"noopener\"> ListTat <\/a> \u2013 List chana perekopskiego z r. 1500 do kr\u00f3la Jana Olbrachta<\/li>\n<li><a href=\"https:\/\/ijppan.pl\/wp-content\/uploads\/2018\/10\/MW.pdf\" target=\"_blank\" rel=\"noopener\"> MW <\/a> \u2013 Modlitwy Wac\u0142awa<\/li>\n<li><a href=\"https:\/\/ijppan.pl\/wp-content\/uploads\/2018\/10\/Naw.pdf\" target=\"_blank\" rel=\"noopener\"> Naw <\/a> \u2013 Ksi\u0105\u017ceczka do nabo\u017ce\u0144stwa Jadwigi ksi\u0119\u017cniczki polskiej, tzw. Ksi\u0105\u017ceczka Nawojki<\/li>\n<li><a href=\"https:\/\/ijppan.pl\/wp-content\/uploads\/2018\/10\/OrtMac.pdf\" target=\"_blank\" rel=\"noopener\"> OrtMac <\/a> \u2013 Wyroki s\u0105d\u00f3w miejskich czyli ortyle<\/li>\n<li><a href=\"https:\/\/ijppan.pl\/wp-content\/uploads\/2018\/10\/OrtOssol.pdf\" target=\"_blank\" rel=\"noopener\"> OrtOssol <\/a> \u2013 Najstarsze staropolskie t\u0142umaczenie ortyli magdeburskich<\/li>\n<li><a href=\"https:\/\/ijppan.pl\/wp-content\/uploads\/2018\/10\/Piesni.pdf\" target=\"_blank\" rel=\"noopener\"> Piesni <\/a> \u2013 utwory wierszowane do ko\u0144ca XV w.<\/li>\n<li><a href=\"https:\/\/ijppan.pl\/wp-content\/uploads\/2018\/10\/Pul.pdf\" target=\"_blank\" rel=\"noopener\"> Pul <\/a> \u2013 Psa\u0142terz pu\u0142awski<\/li>\n<li><a href=\"https:\/\/ijppan.pl\/wp-content\/uploads\/2018\/10\/RXXII230-318.pdf\" target=\"_blank\" rel=\"noopener\"> R XXII 230-318 <\/a> \u2013 Kazanie na dzie\u0144 Wszech \u015awi\u0119tych<\/li>\n<li><a href=\"https:\/\/ijppan.pl\/wp-content\/uploads\/2018\/10\/Rozm.pdf\" target=\"_blank\" rel=\"noopener\"> Rozm <\/a> \u2013 Rozmy\u015blanie przemyskie<\/li>\n<li><a href=\"https:\/\/ijppan.pl\/wp-content\/uploads\/2018\/10\/Sul.pdf\" target=\"_blank\" rel=\"noopener\"> Sul <\/a> \u2013 Kodeks \u015awi\u0119tos\u0142aw\u00f3w<\/li>\n<\/ol>\n<p><a href=\"https:\/\/ijppan.pl\/wp-content\/uploads\/2018\/10\/KorpusStaropolski.zip\"> Wszystkie pliki pdf (zip 7 MB) <\/a><\/p>\n<p><a href=\"https:\/\/ijppan.pl\/wp-content\/uploads\/2018\/10\/KorpusStp.zip\"> Korpus w postaci plik\u00f3w xml (zip 1,5 MB) <\/a><\/p>\n","protected":false},"excerpt":{"rendered":"<p>Pliki pdf zamieszczone poni\u017cej nosz\u0105 nazwy zgodne z oznaczeniami skr\u00f3t\u00f3w zabytk\u00f3w w S\u0142owniku staropolskim. Zawieraj\u0105 one wy\u0142\u0105cznie transkrypcj\u0119 zabytk\u00f3w, w wi\u0119kszo\u015bci wykonan\u0105 w Pracowni J\u0119zyka Staropolskiego IJP PAN po raz pierwszy (np. BZ, Dzia\u0142, EwZam, ListTat, MW, Naw, Pu\u0142, Sul), w pozosta\u0142ej cz\u0119\u015bci odmienn\u0105 od dotychczasowych wyda\u0144. Do otwarcia plik\u00f3w potrzebne jest odpowiednie oprogramowanie, np. [&hellip;]<\/p>\n","protected":false},"author":2,"featured_media":0,"parent":106,"menu_order":0,"comment_status":"closed","ping_status":"closed","template":"page-templates\/page-classic.php","meta":{"_acf_changed":false,"inline_featured_image":false,"footnotes":""},"class_list":["post-10641","page","type-page","status-publish","hentry"],"acf":[],"_links":{"self":[{"href":"https:\/\/ijppan.pl\/en\/wp-json\/wp\/v2\/pages\/10641","targetHints":{"allow":["GET"]}}],"collection":[{"href":"https:\/\/ijppan.pl\/en\/wp-json\/wp\/v2\/pages"}],"about":[{"href":"https:\/\/ijppan.pl\/en\/wp-json\/wp\/v2\/types\/page"}],"author":[{"embeddable":true,"href":"https:\/\/ijppan.pl\/en\/wp-json\/wp\/v2\/users\/2"}],"replies":[{"embeddable":true,"href":"https:\/\/ijppan.pl\/en\/wp-json\/wp\/v2\/comments?post=10641"}],"version-history":[{"count":1,"href":"https:\/\/ijppan.pl\/en\/wp-json\/wp\/v2\/pages\/10641\/revisions"}],"predecessor-version":[{"id":10642,"href":"https:\/\/ijppan.pl\/en\/wp-json\/wp\/v2\/pages\/10641\/revisions\/10642"}],"up":[{"embeddable":true,"href":"https:\/\/ijppan.pl\/en\/wp-json\/wp\/v2\/pages\/106"}],"wp:attachment":[{"href":"https:\/\/ijppan.pl\/en\/wp-json\/wp\/v2\/media?parent=10641"}],"curies":[{"name":"wp","href":"https:\/\/api.w.org\/{rel}","templated":true}]}}