{"id":15,"date":"2023-11-29T11:56:15","date_gmt":"2023-11-29T10:56:15","guid":{"rendered":"https:\/\/dev.test-wpo.pl\/?page_id=15"},"modified":"2023-12-11T13:16:05","modified_gmt":"2023-12-11T12:16:05","slug":"cykle-spotkan","status":"publish","type":"page","link":"https:\/\/ijppan.pl\/en\/cykle-spotkan\/","title":{"rendered":"Regular events"},"content":{"rendered":"<p>The Institute hosts a number of regular events organized by respective departments:<\/p>\n<ul>\n<li><strong><a href=\"https:\/\/dhlunch.ijppan.pl\/\">Lunche z humanistyk\u0105 cyfrow\u0105<\/a><\/strong> \u2013 Department of Methodology<\/li>\n<li><strong><a href=\"http:\/\/scriptores.pl\/hortus\/\">Hortus deliciarium<\/a><\/strong> \u2013 Department of Medieval Latin,<\/li>\n<li><a href=\"http:\/\/scriptores.pl\/dialogi\/\"><strong>Dialogi staropolskie<\/strong><\/a> \u2013 Department of Old Polish,<\/li>\n<li><a href=\"https:\/\/ijppan.pl\/cykle-spotkan\/gwara\"><strong>Spotkania z gwar\u0105 <\/strong><\/a>\u2013 \u00a0Department of Polish Regional Dialects.<\/li>\n<li><a href=\"https:\/\/sniadania.ijppan.pl\/\" target=\"_blank\" rel=\"noopener noreferrer\"><strong>\u015aniadania z leksykografi\u0105<\/strong><\/a> \u2013 Department of Great Dictionary of Polish<\/li>\n<li><a href=\"https:\/\/pto.org.pl\/nominarium\/\" target=\"_blank\" rel=\"noopener noreferrer\"><strong>Nominarium<\/strong><\/a> \u2013 Department of Onomastics and The Polish Onomastic Society<\/li>\n<li><a href=\"https:\/\/jezykwfilmie.ijppan.pl\/\" target=\"_blank\" rel=\"noopener noreferrer\"><strong>Wok\u00f3\u0142 j\u0119zyka w filmie<\/strong><\/a> \u2013 Department of Great Dictionary of Polish<\/li>\n<\/ul>\n<p><\/p>","protected":false},"excerpt":{"rendered":"<p>The Institute hosts a number of regular events organized by respective departments: Lunche z humanistyk\u0105 cyfrow\u0105 \u2013 Department of Methodology Hortus deliciarium \u2013 Department of Medieval Latin, Dialogi staropolskie \u2013 Department of Old Polish, Spotkania z gwar\u0105 \u2013 \u00a0Department of Polish Regional Dialects. \u015aniadania z leksykografi\u0105 \u2013 Department of Great Dictionary of Polish Nominarium \u2013 [&hellip;]<\/p>\n","protected":false},"author":2,"featured_media":0,"parent":0,"menu_order":0,"comment_status":"closed","ping_status":"closed","template":"page-templates\/page-classic.php","meta":{"_acf_changed":false,"inline_featured_image":false,"footnotes":""},"class_list":["post-15","page","type-page","status-publish","hentry"],"acf":[],"_links":{"self":[{"href":"https:\/\/ijppan.pl\/en\/wp-json\/wp\/v2\/pages\/15","targetHints":{"allow":["GET"]}}],"collection":[{"href":"https:\/\/ijppan.pl\/en\/wp-json\/wp\/v2\/pages"}],"about":[{"href":"https:\/\/ijppan.pl\/en\/wp-json\/wp\/v2\/types\/page"}],"author":[{"embeddable":true,"href":"https:\/\/ijppan.pl\/en\/wp-json\/wp\/v2\/users\/2"}],"replies":[{"embeddable":true,"href":"https:\/\/ijppan.pl\/en\/wp-json\/wp\/v2\/comments?post=15"}],"version-history":[{"count":6,"href":"https:\/\/ijppan.pl\/en\/wp-json\/wp\/v2\/pages\/15\/revisions"}],"predecessor-version":[{"id":10657,"href":"https:\/\/ijppan.pl\/en\/wp-json\/wp\/v2\/pages\/15\/revisions\/10657"}],"wp:attachment":[{"href":"https:\/\/ijppan.pl\/en\/wp-json\/wp\/v2\/media?parent=15"}],"curies":[{"name":"wp","href":"https:\/\/api.w.org\/{rel}","templated":true}]}}