{"id":17,"date":"2023-11-29T11:56:29","date_gmt":"2023-11-29T10:56:29","guid":{"rendered":"https:\/\/dev.test-wpo.pl\/?page_id=17"},"modified":"2023-12-11T13:24:20","modified_gmt":"2023-12-11T12:24:20","slug":"ogloszenia-o-pracy","status":"publish","type":"page","link":"https:\/\/ijppan.pl\/en\/aktualnosci\/ogloszenia-o-pracy\/","title":{"rendered":"Job offers"},"content":{"rendered":"        <div class=\"jobs_offers\">\n            <div class=\"jobs_offers_box cat_active\">\n                                    <h2>CURRENT<\/h2>\n                                <ul>\n                                <\/ul>\n            <\/div>\n            <div class=\"jobs_offers_box cat_archive\">\n                                    <h2>ARCHIVE<\/h2>\n                                <ul>\n                                            <li>\n                            <a href=\"https:\/\/ijppan.pl\/en\/ogloszenie-o-prace\/konkurs-na-stanowisko-asystenta-w-pracowni-onomastyki-3\/\" >Competition for the position of assistant in the Department of Onomastics<\/a>\n                        <\/li>\n                                            <li>\n                            <a href=\"https:\/\/ijppan.pl\/en\/ogloszenie-o-prace\/competition-for-the-position-of-assistant-at-the-department-of-methodology\/\" >Competition for the position of assistant at the Department of Methodology<\/a>\n                        <\/li>\n                                            <li>\n                            <a href=\"https:\/\/ijppan.pl\/en\/ogloszenie-o-prace\/konkurs-na-stanowisko-asystenta-w-pracowni-laciny-sredniowiecznej-3\/\" >Competition for the position of assistant in the Department of Medieval Latin<\/a>\n                        <\/li>\n                                            <li>\n                            <a href=\"https:\/\/ijppan.pl\/en\/ogloszenie-o-prace\/konkurs-na-stanowisko-asystenta-w-pracowni-jezyka-staropolskiego-3\/\" >Competition for the position of assistant in the Department of Old Polish<\/a>\n                        <\/li>\n                                            <li>\n                            <a href=\"https:\/\/ijppan.pl\/en\/ogloszenie-o-prace\/konkurs-na-stanowisko-asystenta-pracownia-metodologiczna\/\" >(Polski) Konkurs na stanowisko asystenta w Pracowni Metodologicznej<\/a>\n                        <\/li>\n                                            <li>\n                            <a href=\"https:\/\/ijppan.pl\/en\/ogloszenie-o-prace\/konkurs-na-stanowisko-adiunkta-pracownia-polszczyzny-kresowej\/\" >(Polski) Konkurs na stanowisko adiunkta w Pracowni Polszczyzny Kresowej<\/a>\n                        <\/li>\n                                            <li>\n                            <a href=\"https:\/\/ijppan.pl\/en\/ogloszenie-o-prace\/konkurs-na-stanowisko-dyrektora-instytutu-jezyka-polskiego-pan-2\/\" >(Polski) Konkurs na stanowisko dyrektora Instytutu J\u0119zyka Polskiego PAN<\/a>\n                        <\/li>\n                                            <li>\n                            <a href=\"https:\/\/ijppan.pl\/en\/ogloszenie-o-prace\/konkurs-na-stanowisko-asystenta-w-pracowni-metodologicznej\/\" >(Polski) Konkurs na stanowisko asystenta w Pracowni Metodologicznej<\/a>\n                        <\/li>\n                                            <li>\n                            <a href=\"https:\/\/ijppan.pl\/en\/ogloszenie-o-prace\/konkurs-na-stanowisko-asystenta-w-pracowni-laciny-sredniowiecznej-2\/\" >(Polski) Konkurs na stanowisko asystenta w Pracowni \u0141aciny \u015aredniowiecznej<\/a>\n                        <\/li>\n                                            <li>\n                            <a href=\"https:\/\/ijppan.pl\/en\/ogloszenie-o-prace\/konkurs-na-stanowisko-asystenta-w-pracowni-wielkiego-slownika-jezyka-polskiego-3\/\" >(Polski) Konkurs na stanowisko asystenta w Pracowni Wielkiego S\u0142ownika J\u0119zyka Polskiego<\/a>\n                        <\/li>\n                                            <li>\n                            <a href=\"https:\/\/ijppan.pl\/en\/ogloszenie-o-prace\/konkurs-na-stanowisko-asystenta-w-pracowni-historii-jezyka-polskiego-xvii-i-xviii-wieku-2\/\" >(Polski) Konkurs na stanowisko asystenta w Pracowni Historii J\u0119zyka Polskiego XVII i XVIII wieku<\/a>\n                        <\/li>\n                                            <li>\n                            <a href=\"https:\/\/ijppan.pl\/en\/ogloszenie-o-prace\/konkurs-na-stanowisko-asystenta-w-pracowni-polszczyzny-kresowej-2\/\" >Konkurs na stanowisko asystenta w Pracowni Polszczyzny Kresowej<\/a>\n                        <\/li>\n                                            <li>\n                            <a href=\"https:\/\/ijppan.pl\/en\/ogloszenie-o-prace\/konkurs-na-stanowisko-asystenta-w-pracowni-dialektologii-polskiej\/\" >Konkurs na stanowisko asystenta w Pracowni Dialektologii Polskiej<\/a>\n                        <\/li>\n                                            <li>\n                            <a href=\"https:\/\/ijppan.pl\/en\/ogloszenie-o-prace\/konkurs-na-stanowisko-adiunkta-w-pracowni-etymologii-i-geolingwistyki\/\" >Konkurs na stanowisko adiunkta w Pracowni Etymologii i Geolingwistyki<\/a>\n                        <\/li>\n                                            <li>\n                            <a href=\"https:\/\/ijppan.pl\/en\/ogloszenie-o-prace\/konkurs-na-stanowisko-asystenta-w-pracowni-onomastyki\/\" >Konkurs na stanowisko asystenta w Pracowni Onomastyki<\/a>\n                        <\/li>\n                                            <li>\n                            <a href=\"https:\/\/ijppan.pl\/en\/ogloszenie-o-prace\/konkurs-na-stanowisko-adiunkta-w-pracowni-laciny-sredniowiecznej\/\" >Konkurs na stanowisko adiunkta w Pracowni \u0141aciny \u015aredniowiecznej<\/a>\n                        <\/li>\n                                            <li>\n                            <a href=\"https:\/\/ijppan.pl\/en\/ogloszenie-o-prace\/konkurs-na-stanowisko-asystenta-w-pracowni-wielkiego-slownika-jezyka-polskiego\/\" >Konkurs na stanowisko asystenta w Pracowni Wielkiego S\u0142ownika J\u0119zyka Polskiego<\/a>\n                        <\/li>\n                                            <li>\n                            <a href=\"https:\/\/ijppan.pl\/en\/ogloszenie-o-prace\/oferty-pracy-w-projekcie-dariah-lab\/\" >Oferty pracy w projekcie DARIAH.Lab<\/a>\n                        <\/li>\n                                            <li>\n                            <a href=\"https:\/\/ijppan.pl\/en\/ogloszenie-o-prace\/konkurs-na-stanowisko-post-doc-w-pracowni-metodologicznej\/\" >Konkurs na stanowisko post-doc w Pracowni Metodologicznej<\/a>\n                        <\/li>\n                                            <li>\n                            <a href=\"https:\/\/ijppan.pl\/en\/ogloszenie-o-prace\/konkurs-na-stanowisko-adiunkta-w-pracowni-onomastyki\/\" >Konkurs na stanowisko adiunkta w Pracowni Onomastyki<\/a>\n                        <\/li>\n                                            <li>\n                            <a href=\"https:\/\/ijppan.pl\/en\/ogloszenie-o-prace\/konkurs-na-stanowisko-post-doc-w-pracowni-metodologicznej-2\/\" >Konkurs na stanowisko post-doc w Pracowni Metodologicznej<\/a>\n                        <\/li>\n                                            <li>\n                            <a href=\"https:\/\/ijppan.pl\/en\/ogloszenie-o-prace\/konkurs-na-stanowisko-doktoranta-stypendysty-w-pracowni-metodologicznej\/\" >Konkurs na stanowisko doktoranta-stypendysty w Pracowni Metodologicznej<\/a>\n                        <\/li>\n                                            <li>\n                            <a href=\"https:\/\/ijppan.pl\/en\/ogloszenie-o-prace\/praca-dla-anotatorow-w-projekcie-efontes\/\" >Praca dla anotator\u00f3w w projekcie eFontes<\/a>\n                        <\/li>\n                                            <li>\n                            <a href=\"https:\/\/ijppan.pl\/en\/ogloszenie-o-prace\/konkurs-na-stanowisko-adiunkta-w-pracowni-historii-jezyka-polskiego-xvii-i-xviii-wieku\/\" >Konkurs na stanowisko adiunkta w Pracowni Historii J\u0119zyka Polskiego XVII i XVIII wieku<\/a>\n                        <\/li>\n                                            <li>\n                            <a href=\"https:\/\/ijppan.pl\/en\/ogloszenie-o-prace\/praca-w-ijp-pan-dla-uchodzcow-z-ukrainy\/\" >Praca w IJP PAN dla uchod\u017ac\u00f3w z Ukrainy<\/a>\n                        <\/li>\n                                            <li>\n                            <a href=\"https:\/\/ijppan.pl\/en\/ogloszenie-o-prace\/konkurs-na-stanowisko-doktoranta-stypendysty-w-pracowni-metodologicznej-2\/\" >Konkurs na stanowisko doktoranta-stypendysty w Pracowni Metodologicznej<\/a>\n                        <\/li>\n                                            <li>\n                            <a href=\"https:\/\/ijppan.pl\/en\/ogloszenie-o-prace\/konkurs-na-stanowisko-post-doc-w-pracowni-metodologicznej-3\/\" >Konkurs na stanowisko Post-doc w Pracowni Metodologicznej<\/a>\n                        <\/li>\n                                            <li>\n                            <a href=\"https:\/\/ijppan.pl\/en\/ogloszenie-o-prace\/konkurs-na-stanowisko-dyrektora-instytutu-jezyka-polskiego-pan\/\" >Konkurs na stanowisko dyrektora Instytutu J\u0119zyka Polskiego PAN<\/a>\n                        <\/li>\n                                            <li>\n                            <a href=\"https:\/\/ijppan.pl\/en\/ogloszenie-o-prace\/konkurs-na-stanowisko-post-doc-w-pracowni-metodologicznej-4\/\" >Konkurs na stanowisko Post-doc w Pracowni Metodologicznej<\/a>\n                        <\/li>\n                                            <li>\n                            <a href=\"https:\/\/ijppan.pl\/en\/ogloszenie-o-prace\/konkurs-na-stanowisko-adiunkta-w-pracowni-dialektologii-polskiej-2\/\" >(Polski) Konkurs na stanowisko adiunkta w Pracowni Dialektologii Polskiej<\/a>\n                        <\/li>\n                                            <li>\n                            <a href=\"https:\/\/ijppan.pl\/en\/ogloszenie-o-prace\/konkurs-na-stanowisko-asystenta-w-pracowni-jezyka-staropolskiego\/\" >Konkurs na stanowisko asystenta w Pracowni J\u0119zyka Staropolskiego<\/a>\n                        <\/li>\n                                            <li>\n                            <a href=\"https:\/\/ijppan.pl\/en\/ogloszenie-o-prace\/konkurs-na-stanowisko-asystenta-w-pracowni-onomastyki-2\/\" >Konkurs na stanowisko asystenta w Pracowni Onomastyki<\/a>\n                        <\/li>\n                                            <li>\n                            <a href=\"https:\/\/ijppan.pl\/en\/ogloszenie-o-prace\/konkurs-na-stanowisko-asystenta-w-pracowni-wielkiego-slownika-jezyka-polskiego-2\/\" >Konkurs na stanowisko asystenta w Pracowni Wielkiego S\u0142ownika J\u0119zyka Polskiego<\/a>\n                        <\/li>\n                                            <li>\n                            <a href=\"https:\/\/ijppan.pl\/en\/ogloszenie-o-prace\/konkurs-na-stanowisko-adiunkta-w-pracowni-dialektologii-polskiej\/\" >Konkurs na stanowisko adiunkta w Pracowni Dialektologii Polskiej<\/a>\n                        <\/li>\n                                            <li>\n                            <a href=\"https:\/\/ijppan.pl\/en\/ogloszenie-o-prace\/konkurs-na-stanowisko-adiunkta-w-pracowni-wielkiego-slownika-jezyka-polskiego-3\/\" >(Polski) Konkurs na stanowisko adiunkta w Pracowni Wielkiego S\u0142ownika J\u0119zyka Polskiego<\/a>\n                        <\/li>\n                                            <li>\n                            <a href=\"https:\/\/ijppan.pl\/en\/ogloszenie-o-prace\/konkurs-na-stanowisko-doktoranta-stypendysty-w-pracowni-metodologicznej-5\/\" >(Polski) Konkurs na stanowisko doktoranta-stypendysty w Pracowni Metodologicznej<\/a>\n                        <\/li>\n                                            <li>\n                            <a href=\"https:\/\/ijppan.pl\/en\/ogloszenie-o-prace\/nkurs-na-stanowisko-leksykografa-w-projekcie-wielki-slownik-jezyka-polskiego-etap-trzeci\/\" >(Polski) nkurs na stanowisko leksykografa w projekcie Wielki s\u0142ownik j\u0119zyka polskiego \u2013 etap trzeci<\/a>\n                        <\/li>\n                                            <li>\n                            <a href=\"https:\/\/ijppan.pl\/en\/ogloszenie-o-prace\/konkurs-na-stanowisko-post-doc-w-pracowni-metodologicznej-5\/\" >(Polski) Konkurs na stanowisko Post-doc w Pracowni Metodologicznej<\/a>\n                        <\/li>\n                                            <li>\n                            <a href=\"https:\/\/ijppan.pl\/en\/ogloszenie-o-prace\/konkurs-na-stanowisko-doktoranta-stypendysty-w-pracowni-metodologicznej-4\/\" >(Polski) Konkurs na stanowisko doktoranta \u2013 stypendysty w Pracowni Metodologicznej<\/a>\n                        <\/li>\n                                            <li>\n                            <a href=\"https:\/\/ijppan.pl\/en\/ogloszenie-o-prace\/konkurs-na-stanowisko-profesora-w-pracowni-historii-jezyka-polskiego-xvii-i-xviii-wieku\/\" >(Polski) Konkurs na stanowisko profesora w Pracowni Historii J\u0119zyka Polskiego XVII i XVIII wieku<\/a>\n                        <\/li>\n                                            <li>\n                            <a href=\"https:\/\/ijppan.pl\/en\/ogloszenie-o-prace\/konkurs-na-stanowisko-doktoranta-stypendysty-w-pracowni-metodologicznej-3\/\" >(Polski) Konkurs na stanowisko doktoranta \u2013 stypendysty w Pracowni Metodologicznej<\/a>\n                        <\/li>\n                                            <li>\n                            <a href=\"https:\/\/ijppan.pl\/en\/ogloszenie-o-prace\/konkurs-na-stanowisko-dokumentalisty-inzynieryjno-technicznego-w-pracowni-laciny-sredniowiecznej-2\/\" >(Polski) Konkurs na stanowisko dokumentalisty in\u017cynieryjno-technicznego w Pracowni \u0141aciny \u015aredniowiecznej<\/a>\n                        <\/li>\n                                            <li>\n                            <a href=\"https:\/\/ijppan.pl\/en\/ogloszenie-o-prace\/konkurs-na-stanowisko-asystenta-w-pracowni-polszczyzny-kresowej\/\" >(Polski) Konkurs na stanowisko asystenta w Pracowni Polszczyzny Kresowej<\/a>\n                        <\/li>\n                                            <li>\n                            <a href=\"https:\/\/ijppan.pl\/en\/ogloszenie-o-prace\/konkurs-na-stanowisko-dokumentalisty-inzynieryjno-technicznego-w-pracowni-laciny-sredniowiecznej\/\" >Konkurs na stanowisko dokumentalisty in\u017cynieryjno-technicznego w Pracowni \u0141aciny \u015aredniowiecznej<\/a>\n                        <\/li>\n                                            <li>\n                            <a href=\"https:\/\/ijppan.pl\/en\/ogloszenie-o-prace\/konkurs-na-stanowisko-profesora-nadzwyczajnego-w-pracowni-metodologicznej\/\" >Konkurs na stanowisko profesora nadzwyczajnego w Pracowni Metodologicznej<\/a>\n                        <\/li>\n                                            <li>\n                            <a href=\"https:\/\/ijppan.pl\/en\/ogloszenie-o-prace\/konkurs-na-stanowisko-dokumentalisty-w-pracowni-laciny-sredniowiecznej-2\/\" >(Polski) Konkurs na stanowisko dokumentalisty w Pracowni \u0141aciny \u015aredniowiecznej<\/a>\n                        <\/li>\n                                            <li>\n                            <a href=\"https:\/\/ijppan.pl\/en\/ogloszenie-o-prace\/konkurs-na-stanowisko-asystenta-w-pracowni-dialektologii-polskiej-2\/\" >(Polski) Konkurs na stanowisko asystenta w Pracowni Dialektologii Polskiej<\/a>\n                        <\/li>\n                                            <li>\n                            <a href=\"https:\/\/ijppan.pl\/en\/ogloszenie-o-prace\/konkurs-na-stanowisko-asystenta-w-pracowni-historii-jezyka-polskiego-xvii-i-xviii-wieku-3\/\" >(Polski) Konkurs na stanowisko asystenta w Pracowni Historii J\u0119zyka Polskiego XVII i XVIII wieku<\/a>\n                        <\/li>\n                                            <li>\n                            <a href=\"https:\/\/ijppan.pl\/en\/ogloszenie-o-prace\/konkurs-na-stanowisko-asystenta-w-pracowni-jezyka-staropolskiego-2\/\" >Konkurs na stanowisko asystenta w Pracowni J\u0119zyka Staropolskiego<\/a>\n                        <\/li>\n                                            <li>\n                            <a href=\"https:\/\/ijppan.pl\/en\/ogloszenie-o-prace\/konkurs-na-stanowisko-profesora-nadzwyczajnego-w-dialektologii-polskiej\/\" >Konkurs na stanowisko profesora nadzwyczajnego w Dialektologii Polskiej<\/a>\n                        <\/li>\n                                            <li>\n                            <a href=\"https:\/\/ijppan.pl\/en\/ogloszenie-o-prace\/konkurs-na-stanowisko-bibliotekarza\/\" >Konkurs na stanowisko bibliotekarza<\/a>\n                        <\/li>\n                                            <li>\n                            <a href=\"https:\/\/ijppan.pl\/en\/ogloszenie-o-prace\/konkurs-na-stanowisko-adiunkta-w-pracowni-wielkiego-slownika-jezyka-polskiego-2\/\" >Konkurs na stanowisko adiunkta w Pracowni Wielkiego S\u0142ownika J\u0119zyka Polskiego<\/a>\n                        <\/li>\n                                            <li>\n                            <a href=\"https:\/\/ijppan.pl\/en\/ogloszenie-o-prace\/konkurs-na-stanowisko-asystenta-w-pracowni-geografii-lingwistycznej\/\" >Konkurs na stanowisko asystenta w Pracowni Geografii Lingwistycznej<\/a>\n                        <\/li>\n                                            <li>\n                            <a href=\"https:\/\/ijppan.pl\/en\/ogloszenie-o-prace\/konkurs-na-stanowisko-adiunkta-w-pracowni-wielkiego-slownika-jezyka-polskiego\/\" >Konkurs na stanowisko adiunkta w Pracowni Wielkiego S\u0142ownika J\u0119zyka Polskiego<\/a>\n                        <\/li>\n                                            <li>\n                            <a href=\"https:\/\/ijppan.pl\/en\/ogloszenie-o-prace\/konkurs-na-stanowisko-asystenta-w-pracowni-geografii-lingwistycznej-2\/\" >Konkurs na stanowisko asystenta w Pracowni Geografii Lingwistycznej<\/a>\n                        <\/li>\n                                            <li>\n                            <a href=\"https:\/\/ijppan.pl\/en\/ogloszenie-o-prace\/konkurs-na-stanowisko-profesora-zwyczajnego-w-zakladzie-onomastyki-polskiej\/\" >Konkurs na stanowisko profesora zwyczajnego w Zak\u0142adzie Onomastyki Polskiej<\/a>\n                        <\/li>\n                                            <li>\n                            <a href=\"https:\/\/ijppan.pl\/en\/ogloszenie-o-prace\/konkurs-na-stanowisko-profesora-nadzwyczajnego-w-pracowni-toponomastycznej-2\/\" >(Polski) Konkurs na stanowisko profesora nadzwyczajnego w Pracowni Toponomastycznej<\/a>\n                        <\/li>\n                                            <li>\n                            <a href=\"https:\/\/ijppan.pl\/en\/ogloszenie-o-prace\/konkurs-na-stanowisko-adiunkta-w-pracowni-slownika-gwar-polskich-2\/\" >(Polski) Konkurs na stanowisko adiunkta w Pracowni S\u0142ownika Gwar Polskich<\/a>\n                        <\/li>\n                                            <li>\n                            <a href=\"https:\/\/ijppan.pl\/en\/ogloszenie-o-prace\/konkurs-na-stanowisko-profesora-nadzwyczajnego-w-pracowni-geografii-lingwistycznej-2\/\" >(Polski) Konkurs na stanowisko profesora nadzwyczajnego w Pracowni Geografii Lingwistycznej<\/a>\n                        <\/li>\n                                            <li>\n                            <a href=\"https:\/\/ijppan.pl\/en\/ogloszenie-o-prace\/konkurs-na-stanowisko-asystenta-w-pracowni-laciny-sredniowiecznej\/\" >Konkurs na stanowisko asystenta w Pracowni \u0141aciny \u015aredniowiecznej<\/a>\n                        <\/li>\n                                            <li>\n                            <a href=\"https:\/\/ijppan.pl\/en\/ogloszenie-o-prace\/konkurs-na-stanowisko-profesora-nadzwyczajnego-w-zakladzie-dialektologii-polskiej\/\" >Konkurs na stanowisko profesora nadzwyczajnego w Zak\u0142adzie Dialektologii Polskiej<\/a>\n                        <\/li>\n                                            <li>\n                            <a href=\"https:\/\/ijppan.pl\/en\/ogloszenie-o-prace\/konkurs-na-stanowisko-asystenta-w-pracowni-wsjp\/\" >Konkurs na stanowisko asystenta w Pracowni WSJP<\/a>\n                        <\/li>\n                                            <li>\n                            <a href=\"https:\/\/ijppan.pl\/en\/ogloszenie-o-prace\/konkurs-na-stanowisko-profesora-zwyczajnego-w-pracowni-toponomastycznej\/\" >Konkurs na stanowisko profesora zwyczajnego w Pracowni Toponomastycznej<\/a>\n                        <\/li>\n                                    <\/ul>\n\n            <\/div>\n        <\/div>\n        \n","protected":false},"excerpt":{"rendered":"","protected":false},"author":2,"featured_media":0,"parent":13,"menu_order":0,"comment_status":"closed","ping_status":"closed","template":"page-templates\/page-classic.php","meta":{"_acf_changed":false,"inline_featured_image":false,"footnotes":""},"class_list":["post-17","page","type-page","status-publish","hentry"],"acf":[],"_links":{"self":[{"href":"https:\/\/ijppan.pl\/en\/wp-json\/wp\/v2\/pages\/17","targetHints":{"allow":["GET"]}}],"collection":[{"href":"https:\/\/ijppan.pl\/en\/wp-json\/wp\/v2\/pages"}],"about":[{"href":"https:\/\/ijppan.pl\/en\/wp-json\/wp\/v2\/types\/page"}],"author":[{"embeddable":true,"href":"https:\/\/ijppan.pl\/en\/wp-json\/wp\/v2\/users\/2"}],"replies":[{"embeddable":true,"href":"https:\/\/ijppan.pl\/en\/wp-json\/wp\/v2\/comments?post=17"}],"version-history":[{"count":3,"href":"https:\/\/ijppan.pl\/en\/wp-json\/wp\/v2\/pages\/17\/revisions"}],"predecessor-version":[{"id":10658,"href":"https:\/\/ijppan.pl\/en\/wp-json\/wp\/v2\/pages\/17\/revisions\/10658"}],"up":[{"embeddable":true,"href":"https:\/\/ijppan.pl\/en\/wp-json\/wp\/v2\/pages\/13"}],"wp:attachment":[{"href":"https:\/\/ijppan.pl\/en\/wp-json\/wp\/v2\/media?parent=17"}],"curies":[{"name":"wp","href":"https:\/\/api.w.org\/{rel}","templated":true}]}}