{"id":29,"date":"2023-11-29T11:57:53","date_gmt":"2023-11-29T10:57:53","guid":{"rendered":"https:\/\/dev.test-wpo.pl\/?page_id=29"},"modified":"2023-12-11T13:37:11","modified_gmt":"2023-12-11T12:37:11","slug":"pracownie","status":"publish","type":"page","link":"https:\/\/ijppan.pl\/en\/pracownie\/","title":{"rendered":"Departments"},"content":{"rendered":"<p>W Instytucie dzia\u0142aj\u0105 obecnie nast\u0119puj\u0105ce pracownie:<\/p><ul>                <li>\n                    <a href=\"https:\/\/ijppan.pl\/en\/pracownia\/pracownia-dialektologii-polskiej-w-warszawie\/\">\n                        Department of Polish Dialectology (in Warsaw)                    <\/a>\n                <\/li>\n                                <li>\n                    <a href=\"https:\/\/ijppan.pl\/en\/pracownia\/pracownia-dialektologii-polskiej-w-krakowie\/\">\n                        Department of Polish Dialectology                    <\/a>\n                <\/li>\n                                <li>\n                    <a href=\"https:\/\/ijppan.pl\/en\/pracownia\/pracownia-etymologii-i-geolingwistyki\/\">\n                        Department of Etymology and Geolinguistics                    <\/a>\n                <\/li>\n                                <li>\n                    <a href=\"https:\/\/ijppan.pl\/en\/pracownia\/pracownia-historii-jezyka-polskiego-xvii-i-xviii-wieku\/\">\n                        Department of the History of the 17th and 18th Century Polish                    <\/a>\n                <\/li>\n                                <li>\n                    <a href=\"https:\/\/ijppan.pl\/en\/pracownia\/pracownia-jezyka-staropolskiego\/\">\n                        Department of Old Polish                    <\/a>\n                <\/li>\n                                <li>\n                    <a href=\"https:\/\/ijppan.pl\/en\/pracownia\/pracownia-laciny-sredniowiecznej\/\">\n                        Department of Medieval Latin                    <\/a>\n                <\/li>\n                                <li>\n                    <a href=\"https:\/\/ijppan.pl\/en\/pracownia\/pracownia-metodologiczna\/\">\n                        Department of Methodology                    <\/a>\n                <\/li>\n                                <li>\n                    <a href=\"https:\/\/ijppan.pl\/en\/pracownia\/pracownia-onomastyki\/\">\n                        Department of Onomastics                    <\/a>\n                <\/li>\n                                <li>\n                    <a href=\"https:\/\/ijppan.pl\/en\/pracownia\/pracownia-polszczyzny-kresowej\/\">\n                        Department of Borderland Polish                    <\/a>\n                <\/li>\n                                <li>\n                    <a href=\"https:\/\/ijppan.pl\/en\/pracownia\/pracownia-wielkiego-slownika-jezyka-polskiego\/\">\n                        Department of Great Dictionary of Polish                    <\/a>\n                <\/li>\n                <\/ul>\n","protected":false},"excerpt":{"rendered":"","protected":false},"author":2,"featured_media":0,"parent":0,"menu_order":0,"comment_status":"closed","ping_status":"closed","template":"page-templates\/page-classic.php","meta":{"_acf_changed":false,"inline_featured_image":false,"footnotes":""},"class_list":["post-29","page","type-page","status-publish","hentry"],"acf":[],"_links":{"self":[{"href":"https:\/\/ijppan.pl\/en\/wp-json\/wp\/v2\/pages\/29","targetHints":{"allow":["GET"]}}],"collection":[{"href":"https:\/\/ijppan.pl\/en\/wp-json\/wp\/v2\/pages"}],"about":[{"href":"https:\/\/ijppan.pl\/en\/wp-json\/wp\/v2\/types\/page"}],"author":[{"embeddable":true,"href":"https:\/\/ijppan.pl\/en\/wp-json\/wp\/v2\/users\/2"}],"replies":[{"embeddable":true,"href":"https:\/\/ijppan.pl\/en\/wp-json\/wp\/v2\/comments?post=29"}],"version-history":[{"count":3,"href":"https:\/\/ijppan.pl\/en\/wp-json\/wp\/v2\/pages\/29\/revisions"}],"predecessor-version":[{"id":10668,"href":"https:\/\/ijppan.pl\/en\/wp-json\/wp\/v2\/pages\/29\/revisions\/10668"}],"wp:attachment":[{"href":"https:\/\/ijppan.pl\/en\/wp-json\/wp\/v2\/media?parent=29"}],"curies":[{"name":"wp","href":"https:\/\/api.w.org\/{rel}","templated":true}]}}