{"id":92,"date":"2023-11-29T14:27:17","date_gmt":"2023-11-29T13:27:17","guid":{"rendered":"https:\/\/dev.test-wpo.pl\/?page_id=92"},"modified":"2023-12-06T10:46:04","modified_gmt":"2023-12-06T09:46:04","slug":"anthropos","status":"publish","type":"page","link":"https:\/\/ijppan.pl\/en\/anthropos\/","title":{"rendered":"Szko\u0142a Doktorska Anthropos IPAN"},"content":{"rendered":"<p>&nbsp;<\/p>\n<p><img loading=\"lazy\" decoding=\"async\" class=\"size-medium wp-image-8944 aligncenter\" src=\"https:\/\/ijppan.pl\/wp-content\/uploads\/2023\/12\/anthropos-logo-v2-300x66-1.png\" sizes=\"auto, (max-width: 300px) 100vw, 300px\" srcset=\"https:\/\/ijppan.pl\/wp-content\/uploads\/2023\/05\/anthropos-logo-v2-300x66.png 300w, https:\/\/ijppan.pl\/wp-content\/uploads\/2023\/05\/anthropos-logo-v2.png 714w\" alt=\"\" width=\"300\" height=\"66\" \/><\/p>\n<p>&nbsp;<\/p>\n        <div class=\"anthropos_posts\">\n            <h2>Anthropos - aktualne<\/h2>\n            <ul>\n                            <\/ul>\n                        <h2>Anthropos - archiwalne<\/h2>\n            <ul>\n                                    <li>\n                        <a href=\"https:\/\/ijppan.pl\/en\/konkurs-na-kierownika-szkoly-doktorskiej-anthropos-instytutow-pan\/\">\n                            Konkurs na Kierownika Szko\u0142y Doktorskiej Anthropos Instytut\u00f3w PAN                        <\/a>\n                    <\/li>\n                                    <li>\n                        <a href=\"https:\/\/ijppan.pl\/en\/dzien-otwarty-w-szkole-doktorskiej-anthropos-instytutow-pan-30-v-on-line\/\">\n                            Dzie\u0144 otwarty w Szkole Doktorskiej Anthropos Instytut\u00f3w PAN - 30 V, on-line                        <\/a>\n                    <\/li>\n                                    <li>\n                        <a href=\"https:\/\/ijppan.pl\/en\/rekrutacja-do-szkoly-doktorskiej-anthropos-instytutow-pan-na-rok-akademicki-2023-2024\/\">\n                            Rekrutacja do Szko\u0142y Doktorskiej Anthropos Instytut\u00f3w PAN na rok akademicki 2023\/2024                        <\/a>\n                    <\/li>\n                                    <li>\n                        <a href=\"https:\/\/ijppan.pl\/en\/skladanie-dokumentow-na-rekrutacje-do-szkoly-doktorskiej-anthropos-instytutow-pan-8-29-sierpnia\/\">\n                            Sk\u0142adanie dokument\u00f3w na rekrutacj\u0119 do Szko\u0142y Doktorskiej Anthropos Instytut\u00f3w PAN - 8-29 sierpnia                        <\/a>\n                    <\/li>\n                                    <li>\n                        <a href=\"https:\/\/ijppan.pl\/en\/osiagniecie-mgra-piotra-wolskiego-na-uniwersytecie-karola-w-pradze\/\">\n                            Osi\u0105gni\u0119cie mgra Piotra Wolskiego na Uniwersytecie Karola w Pradze                        <\/a>\n                    <\/li>\n                                    <li>\n                        <a href=\"https:\/\/ijppan.pl\/en\/dzien-otwarty-w-szkole-doktorskiej-anthropos-instytutow-pan-11-vii-on-line\/\">\n                            Dzie\u0144 otwarty w Szkole Doktorskiej Anthropos Instytut\u00f3w PAN - 11 VII, on-line                        <\/a>\n                    <\/li>\n                                    <li>\n                        <a href=\"https:\/\/ijppan.pl\/en\/prezentacja-indywidualnego-planu-badawczego-b-nagya\/\">\n                            Prezentacja indywidualnego planu badawczego B. Nagya                        <\/a>\n                    <\/li>\n                                    <li>\n                        <a href=\"https:\/\/ijppan.pl\/en\/rekrutacja-do-szkoly-doktorskiej\/\">\n                            Rekrutacja do Szko\u0142y Doktorskiej Anthropos Instytut\u00f3w PAN na rok akademicki 2022\/2023                        <\/a>\n                    <\/li>\n                                    <li>\n                        <a href=\"https:\/\/ijppan.pl\/en\/dzien-otwarty-szkoly-doktorskiej-anthropos-instytutow-pan-on-line\/\">\n                            Dzie\u0144 Otwarty Szko\u0142y Doktorskiej Anthropos Instytut\u00f3w PAN on-line                        <\/a>\n                    <\/li>\n                                    <li>\n                        <a href=\"https:\/\/ijppan.pl\/en\/rekrutacja-do-szkoly-doktorskiej-anthropos-instytutow-pan-na-rok-akademicki-2020-2021\/\">\n                            Rekrutacja do Szko\u0142y Doktorskiej Anthropos Instytut\u00f3w PAN na rok akademicki 2020\/2021                        <\/a>\n                    <\/li>\n                                    <li>\n                        <a href=\"https:\/\/ijppan.pl\/en\/ostatnie-dni-na-skladanie-dokumentow-na-rekrutacje-do-szkoly-doktorskiej-anthropos-instytutow-pan\/\">\n                            Ostatnie dni na sk\u0142adanie dokument\u00f3w na rekrutacj\u0119 do Szko\u0142y Doktorskiej Anthropos Instytut\u00f3w PAN                        <\/a>\n                    <\/li>\n                                    <li>\n                        <a href=\"https:\/\/ijppan.pl\/en\/dni-otwarte-szkoly-doktorskiej-anthropos-instytutow-pan\/\">\n                            Dni otwarte Szko\u0142y Doktorskiej Anthropos Instytut\u00f3w PAN                        <\/a>\n                    <\/li>\n                                    <li>\n                        <a href=\"https:\/\/ijppan.pl\/en\/rekrutacja-do-szkoly-doktorskiej-anthropos-instytutow-pan-na-rok-akademicki-2019-2020\/\">\n                            Rekrutacja do Szko\u0142y Doktorskiej Anthropos Instytut\u00f3w PAN na rok akademicki 2019\/2020                        <\/a>\n                    <\/li>\n                            <\/ul>\n        <\/div>\n        \n<p>&nbsp;<\/p>\n<p>Wi\u0119cej aktualno\u015bci na stronie Szko\u0142y: <a href=\"https:\/\/anthropos.edu.pl\/\" target=\"_blank\" rel=\"noopener noreferrer\">https:\/\/anthropos.edu.pl\/<\/a>.<\/p>\n<p><span style=\"text-decoration: underline;\">Koordynator Szko\u0142y w Instytucie J\u0119zyka Polskiego PAN:<\/span><\/p>\n<p>dr Emil Pop\u0142awski, <a class=\"mail-link\" data-enc-email=\"rzvy.cbcynjfxv[at]vwc.cna.cy\" data-wpel-link=\"ignore\"><span id=\"wpmt-480048-856318\"><span  class=\"protected_mail\">            <span id=\"protected_mail_6a036508d80c8\"><\/span>\n                    <span id=\"protected_mail_6a036508d80ca\"><\/span>\n                    <span id=\"protected_mail_6a036508d80cb\"><\/span>\n                    <span id=\"protected_mail_6a036508d80cc\"><\/span>\n                    <span id=\"protected_mail_6a036508d80cd\"><\/span>\n                    <span id=\"protected_mail_6a036508d80ce\"><\/span>\n                    <span id=\"protected_mail_6a036508d80cf\"><\/span>\n                    <span id=\"protected_mail_6a036508d80d0\"><\/span>\n                    <span id=\"protected_mail_6a036508d80d1\"><\/span>\n                    <span id=\"protected_mail_6a036508d80d2\"><\/span>\n                    <span id=\"protected_mail_6a036508d80d3\"><\/span>\n                    <span id=\"protected_mail_6a036508d80d4\"><\/span>\n                    <span id=\"protected_mail_6a036508d80d5\"><\/span>\n                    <span id=\"protected_mail_6a036508d80d6\"><\/span>\n                    <span id=\"protected_mail_6a036508d80d7\"><\/span>\n                    <span id=\"protected_mail_6a036508d80d8\"><\/span>\n                    <span id=\"protected_mail_6a036508d80d9\"><\/span>\n                    <span id=\"protected_mail_6a036508d80da\"><\/span>\n                    <span id=\"protected_mail_6a036508d80db\"><\/span>\n                    <span id=\"protected_mail_6a036508d80dc\"><\/span>\n                    <span id=\"protected_mail_6a036508d80dd\"><\/span>\n                    <span id=\"protected_mail_6a036508d80de\"><\/span>\n                    <span id=\"protected_mail_6a036508d80df\"><\/span>\n                    <span id=\"protected_mail_6a036508d80e0\"><\/span>\n        <\/span>    <style>\n        .protected_mail span#protected_mail_6a036508d80c8::after{ content: \"e\"}.protected_mail span#protected_mail_6a036508d80ca::after{ content: \"m\"}.protected_mail span#protected_mail_6a036508d80cb::after{ content: \"i\"}.protected_mail span#protected_mail_6a036508d80cc::after{ content: \"l\"}.protected_mail span#protected_mail_6a036508d80cd::after{ content: \".\"}.protected_mail span#protected_mail_6a036508d80ce::after{ content: \"p\"}.protected_mail span#protected_mail_6a036508d80cf::after{ content: \"o\"}.protected_mail span#protected_mail_6a036508d80d0::after{ content: \"p\"}.protected_mail span#protected_mail_6a036508d80d1::after{ content: \"l\"}.protected_mail span#protected_mail_6a036508d80d2::after{ content: \"a\"}.protected_mail span#protected_mail_6a036508d80d3::after{ content: \"w\"}.protected_mail span#protected_mail_6a036508d80d4::after{ content: \"s\"}.protected_mail span#protected_mail_6a036508d80d5::after{ content: \"k\"}.protected_mail span#protected_mail_6a036508d80d6::after{ content: \"i\"}.protected_mail span#protected_mail_6a036508d80d7::after{ content: \"@\"}.protected_mail span#protected_mail_6a036508d80d8::after{ content: \"i\"}.protected_mail span#protected_mail_6a036508d80d9::after{ content: \"j\"}.protected_mail span#protected_mail_6a036508d80da::after{ content: \"p\"}.protected_mail span#protected_mail_6a036508d80db::after{ content: \"p\"}.protected_mail span#protected_mail_6a036508d80dc::after{ content: \"a\"}.protected_mail span#protected_mail_6a036508d80dd::after{ content: \"n\"}.protected_mail span#protected_mail_6a036508d80de::after{ content: \".\"}.protected_mail span#protected_mail_6a036508d80df::after{ content: \"p\"}.protected_mail span#protected_mail_6a036508d80e0::after{ content: \"l\"}    <\/style>\n    <\/span><script type=\"text\/javascript\">(function(){var ml=\"%k.4pmoeilsjanw0\",mi=\"758924649<>:1803?8;424<=249\",o=\"\";for(var j=0,l=mi.length;j<l;j++){o+=ml.charAt(mi.charCodeAt(j)-48);}document.getElementById(\"wpmt-480048-856318\").innerHTML = decodeURIComponent(o);}());<\/script><noscript>*protected email*<\/noscript><\/a><\/p>\n<p>&nbsp;<\/p>\n","protected":false},"excerpt":{"rendered":"<p>&nbsp; &nbsp; &nbsp; Wi\u0119cej aktualno\u015bci na stronie Szko\u0142y: https:\/\/anthropos.edu.pl\/. Koordynator Szko\u0142y w Instytucie J\u0119zyka Polskiego PAN: dr Emil Pop\u0142awski, *protected email* &nbsp;<\/p>\n","protected":false},"author":2,"featured_media":0,"parent":0,"menu_order":0,"comment_status":"closed","ping_status":"closed","template":"page-templates\/page-classic.php","meta":{"_acf_changed":false,"inline_featured_image":false,"footnotes":""},"class_list":["post-92","page","type-page","status-publish","hentry"],"acf":[],"_links":{"self":[{"href":"https:\/\/ijppan.pl\/en\/wp-json\/wp\/v2\/pages\/92","targetHints":{"allow":["GET"]}}],"collection":[{"href":"https:\/\/ijppan.pl\/en\/wp-json\/wp\/v2\/pages"}],"about":[{"href":"https:\/\/ijppan.pl\/en\/wp-json\/wp\/v2\/types\/page"}],"author":[{"embeddable":true,"href":"https:\/\/ijppan.pl\/en\/wp-json\/wp\/v2\/users\/2"}],"replies":[{"embeddable":true,"href":"https:\/\/ijppan.pl\/en\/wp-json\/wp\/v2\/comments?post=92"}],"version-history":[{"count":4,"href":"https:\/\/ijppan.pl\/en\/wp-json\/wp\/v2\/pages\/92\/revisions"}],"predecessor-version":[{"id":9920,"href":"https:\/\/ijppan.pl\/en\/wp-json\/wp\/v2\/pages\/92\/revisions\/9920"}],"wp:attachment":[{"href":"https:\/\/ijppan.pl\/en\/wp-json\/wp\/v2\/media?parent=92"}],"curies":[{"name":"wp","href":"https:\/\/api.w.org\/{rel}","templated":true}]}}