{"id":96,"date":"2023-11-29T14:29:30","date_gmt":"2023-11-29T13:29:30","guid":{"rendered":"https:\/\/dev.test-wpo.pl\/?page_id=96"},"modified":"2025-05-28T11:54:00","modified_gmt":"2025-05-28T09:54:00","slug":"mlodzi-naukowcy","status":"publish","type":"page","link":"https:\/\/ijppan.pl\/en\/mlodzi-naukowcy\/","title":{"rendered":"Young scientists"},"content":{"rendered":"<p><\/p>\n<p class=\"qtranxs-available-languages-message qtranxs-available-languages-message-en\">Sorry, this entry is only available in <a href=\"https:\/\/ijppan.pl\/pl\/mlodzi-naukowcy\/\" class=\"qtranxs-available-language-link qtranxs-available-language-link-pl\" title=\"Polski\">Polish<\/a>.<\/p>\n<p>        <div class=\"files_udi\">\n                                        <span>\n                    1.\n                    <a href=\"https:\/\/ijppan.pl\/wp-content\/uploads\/2025\/04\/Regulamin-Mlodzi-Naukowcy.pdf\">Regulamin konkursu M\u0142odzi Naukowcy (obowi\u0105zuj\u0105cy od 26 marca 2025 r.)<\/a>\n\n                <\/span>\n                            <span>\n                    2.\n                    <a href=\"https:\/\/ijppan.pl\/wp-content\/uploads\/2025\/04\/Ogloszenie-o-konkursie-Mlodzi-Naukowcy-2025.pdf\">Og\u0142oszenie o konkursie 2025 r.<\/a>\n\n                <\/span>\n                            <span>\n                    3.\n                    <a href=\"https:\/\/ijppan.pl\/wp-content\/uploads\/2025\/04\/Wzor-wniosku-Mlodzi-Naukowcy.docx\">Wz\u00f3r wniosku 2025 r.<\/a>\n\n                <\/span>\n                            <span>\n                    4.\n                    <a href=\"https:\/\/ijppan.pl\/wp-content\/uploads\/2024\/03\/Wzor-sprawozdania-2024-r.docx\">Wz\u00f3r sprawozdania 2024 r.<\/a>\n\n                <\/span>\n                            <span>\n                    5.\n                    <a href=\"https:\/\/ijppan.pl\/wp-content\/uploads\/2025\/04\/Wzor-sprawozdania-2025.docx\">Wz\u00f3r sprawozdania 2025 r.<\/a>\n\n                <\/span>\n                            <span>\n                    6.\n                    <a href=\"https:\/\/ijppan.pl\/wp-content\/uploads\/2025\/05\/2025.05.27-Komunikat-o-rozstrzygnieciu-konkursu-1.2025.pdf\">Wyniki konkursu 2025 r.<\/a>\n\n                <\/span>\n                    <\/div>\n        <\/p>","protected":false},"excerpt":{"rendered":"<p>Sorry, this entry is only available in Polish.<\/p>\n","protected":false},"author":2,"featured_media":0,"parent":0,"menu_order":0,"comment_status":"closed","ping_status":"closed","template":"page-templates\/page-classic.php","meta":{"_acf_changed":false,"inline_featured_image":false,"footnotes":""},"class_list":["post-96","page","type-page","status-publish","hentry"],"acf":[],"_links":{"self":[{"href":"https:\/\/ijppan.pl\/en\/wp-json\/wp\/v2\/pages\/96","targetHints":{"allow":["GET"]}}],"collection":[{"href":"https:\/\/ijppan.pl\/en\/wp-json\/wp\/v2\/pages"}],"about":[{"href":"https:\/\/ijppan.pl\/en\/wp-json\/wp\/v2\/types\/page"}],"author":[{"embeddable":true,"href":"https:\/\/ijppan.pl\/en\/wp-json\/wp\/v2\/users\/2"}],"replies":[{"embeddable":true,"href":"https:\/\/ijppan.pl\/en\/wp-json\/wp\/v2\/comments?post=96"}],"version-history":[{"count":11,"href":"https:\/\/ijppan.pl\/en\/wp-json\/wp\/v2\/pages\/96\/revisions"}],"predecessor-version":[{"id":11695,"href":"https:\/\/ijppan.pl\/en\/wp-json\/wp\/v2\/pages\/96\/revisions\/11695"}],"wp:attachment":[{"href":"https:\/\/ijppan.pl\/en\/wp-json\/wp\/v2\/media?parent=96"}],"curies":[{"name":"wp","href":"https:\/\/api.w.org\/{rel}","templated":true}]}}