{"id":9851,"date":"2023-12-05T13:17:14","date_gmt":"2023-12-05T12:17:14","guid":{"rendered":"https:\/\/dev.test-wpo.pl\/?page_id=9851"},"modified":"2025-04-10T20:58:56","modified_gmt":"2025-04-10T18:58:56","slug":"ksiegarnia","status":"publish","type":"page","link":"https:\/\/ijppan.pl\/en\/administracja\/ksiegarnia\/","title":{"rendered":"KSI\u0118GARNIA"},"content":{"rendered":"<h2>ADRES<\/h2>\n<p>al. Mickiewicza 31,<br \/>\n31-120 Krak\u00f3w<\/p>\n<h2>SKLEP ON-LINE<\/h2>\n<p><a href=\"https:\/\/sklep.ijppan.pl\/\">https:\/\/sklep.ijppan.pl<\/a><\/p>\n<h2>KONTAKT<\/h2>\n<p>tel.: (12) 632-56-92, w. 107<\/p>\n<p><span id=\"wpmt-32688-714325\"><span  class=\"protected_mail\">            <span id=\"protected_mail_69e7aeacd3b9c\"><\/span>\n                    <span id=\"protected_mail_69e7aeacd3b9e\"><\/span>\n                    <span id=\"protected_mail_69e7aeacd3b9f\"><\/span>\n                    <span id=\"protected_mail_69e7aeacd3ba0\"><\/span>\n                    <span id=\"protected_mail_69e7aeacd3ba1\"><\/span>\n                    <span id=\"protected_mail_69e7aeacd3ba2\"><\/span>\n                    <span id=\"protected_mail_69e7aeacd3ba3\"><\/span>\n                    <span id=\"protected_mail_69e7aeacd3ba4\"><\/span>\n                    <span id=\"protected_mail_69e7aeacd3ba5\"><\/span>\n                    <span id=\"protected_mail_69e7aeacd3ba6\"><\/span>\n                    <span id=\"protected_mail_69e7aeacd3ba7\"><\/span>\n                    <span id=\"protected_mail_69e7aeacd3ba8\"><\/span>\n                    <span id=\"protected_mail_69e7aeacd3ba9\"><\/span>\n                    <span id=\"protected_mail_69e7aeacd3baa\"><\/span>\n                    <span id=\"protected_mail_69e7aeacd3bab\"><\/span>\n        <\/span>    <style>\n        .protected_mail span#protected_mail_69e7aeacd3b9c::after{ content: \"s\"}.protected_mail span#protected_mail_69e7aeacd3b9e::after{ content: \"k\"}.protected_mail span#protected_mail_69e7aeacd3b9f::after{ content: \"l\"}.protected_mail span#protected_mail_69e7aeacd3ba0::after{ content: \"e\"}.protected_mail span#protected_mail_69e7aeacd3ba1::after{ content: \"p\"}.protected_mail span#protected_mail_69e7aeacd3ba2::after{ content: \"@\"}.protected_mail span#protected_mail_69e7aeacd3ba3::after{ content: \"i\"}.protected_mail span#protected_mail_69e7aeacd3ba4::after{ content: \"j\"}.protected_mail span#protected_mail_69e7aeacd3ba5::after{ content: \"p\"}.protected_mail span#protected_mail_69e7aeacd3ba6::after{ content: \"p\"}.protected_mail span#protected_mail_69e7aeacd3ba7::after{ content: \"a\"}.protected_mail span#protected_mail_69e7aeacd3ba8::after{ content: \"n\"}.protected_mail span#protected_mail_69e7aeacd3ba9::after{ content: \".\"}.protected_mail span#protected_mail_69e7aeacd3baa::after{ content: \"p\"}.protected_mail span#protected_mail_69e7aeacd3bab::after{ content: \"l\"}    <\/style>\n    <\/span><\/p>\n<p>Ksi\u0119garnia nie prowadzi sprzeda\u017cy stacjonarnej. Na miejscu mo\u017cliwy jest jedynie odbi\u00f3r zam\u00f3wie\u0144 z\u0142o\u017conych drog\u0105 telefoniczn\u0105, mailow\u0105 lub przez stron\u0119 internetow\u0105. Odbi\u00f3r zam\u00f3wie\u0144 od poniedzia\u0142ku do pi\u0105tku w godz. 9-14.<\/p>\n<h2>OBS\u0141UGA ZAM\u00d3WIE\u0143<\/h2>\n<p>mgr Paulina Deja<\/p>\n<p>Ksi\u0105\u017cki wysy\u0142amy wraz z rachunkiem, doliczaj\u0105c koszt przesy\u0142ki pocztowej.<br \/>\nRachunki mog\u0105 by\u0107 p\u0142acone przelewem lub za zaliczeniem pocztowym.<\/p>\n","protected":false},"excerpt":{"rendered":"<p>ADRES al. Mickiewicza 31, 31-120 Krak\u00f3w SKLEP ON-LINE https:\/\/sklep.ijppan.pl KONTAKT tel.: (12) 632-56-92, w. 107 Ksi\u0119garnia nie prowadzi sprzeda\u017cy stacjonarnej. Na miejscu mo\u017cliwy jest jedynie odbi\u00f3r zam\u00f3wie\u0144 z\u0142o\u017conych drog\u0105 telefoniczn\u0105, mailow\u0105 lub przez stron\u0119 internetow\u0105. Odbi\u00f3r zam\u00f3wie\u0144 od poniedzia\u0142ku do pi\u0105tku w godz. 9-14. OBS\u0141UGA ZAM\u00d3WIE\u0143 mgr Paulina Deja Ksi\u0105\u017cki wysy\u0142amy wraz z rachunkiem, doliczaj\u0105c [&hellip;]<\/p>\n","protected":false},"author":2,"featured_media":0,"parent":33,"menu_order":0,"comment_status":"closed","ping_status":"closed","template":"page-templates\/page-classic.php","meta":{"_acf_changed":false,"inline_featured_image":false,"footnotes":""},"class_list":["post-9851","page","type-page","status-publish","hentry"],"acf":[],"_links":{"self":[{"href":"https:\/\/ijppan.pl\/en\/wp-json\/wp\/v2\/pages\/9851","targetHints":{"allow":["GET"]}}],"collection":[{"href":"https:\/\/ijppan.pl\/en\/wp-json\/wp\/v2\/pages"}],"about":[{"href":"https:\/\/ijppan.pl\/en\/wp-json\/wp\/v2\/types\/page"}],"author":[{"embeddable":true,"href":"https:\/\/ijppan.pl\/en\/wp-json\/wp\/v2\/users\/2"}],"replies":[{"embeddable":true,"href":"https:\/\/ijppan.pl\/en\/wp-json\/wp\/v2\/comments?post=9851"}],"version-history":[{"count":2,"href":"https:\/\/ijppan.pl\/en\/wp-json\/wp\/v2\/pages\/9851\/revisions"}],"predecessor-version":[{"id":11604,"href":"https:\/\/ijppan.pl\/en\/wp-json\/wp\/v2\/pages\/9851\/revisions\/11604"}],"up":[{"embeddable":true,"href":"https:\/\/ijppan.pl\/en\/wp-json\/wp\/v2\/pages\/33"}],"wp:attachment":[{"href":"https:\/\/ijppan.pl\/en\/wp-json\/wp\/v2\/media?parent=9851"}],"curies":[{"name":"wp","href":"https:\/\/api.w.org\/{rel}","templated":true}]}}