{"id":9955,"date":"2023-12-06T11:59:27","date_gmt":"2023-12-06T10:59:27","guid":{"rendered":"https:\/\/dev.test-wpo.pl\/?page_id=9955"},"modified":"2023-12-06T11:59:27","modified_gmt":"2023-12-06T10:59:27","slug":"konkurs-2-2022","status":"publish","type":"page","link":"https:\/\/ijppan.pl\/en\/erasmus\/konkurs-2-2022\/","title":{"rendered":"KONKURS 2.2022"},"content":{"rendered":"<p><a href=\"https:\/\/ijppan.pl\/wp-content\/uploads\/2023\/12\/Ogloszenie-o-naborze-wnioskow-wyjazdowych.pdf\" target=\"_blank\" rel=\"noopener\">OG\u0141OSZENIE O NABORZE WNIOSK\u00d3W WYJAZDOWYCH<\/a><\/p>\n<p><a href=\"https:\/\/ijppan.pl\/wp-content\/uploads\/2023\/12\/Lista-rankingowa-ERASMUS-1.pdf\" target=\"_blank\" rel=\"noopener noreferrer\">Lista wniosk\u00f3w przyj\u0119tych do finansowania<\/a><\/p>\n","protected":false},"excerpt":{"rendered":"<p>OG\u0141OSZENIE O NABORZE WNIOSK\u00d3W WYJAZDOWYCH Lista wniosk\u00f3w przyj\u0119tych do finansowania<\/p>\n","protected":false},"author":2,"featured_media":0,"parent":94,"menu_order":0,"comment_status":"closed","ping_status":"closed","template":"page-templates\/page-classic.php","meta":{"_acf_changed":false,"inline_featured_image":false,"footnotes":""},"class_list":["post-9955","page","type-page","status-publish","hentry"],"acf":[],"_links":{"self":[{"href":"https:\/\/ijppan.pl\/en\/wp-json\/wp\/v2\/pages\/9955","targetHints":{"allow":["GET"]}}],"collection":[{"href":"https:\/\/ijppan.pl\/en\/wp-json\/wp\/v2\/pages"}],"about":[{"href":"https:\/\/ijppan.pl\/en\/wp-json\/wp\/v2\/types\/page"}],"author":[{"embeddable":true,"href":"https:\/\/ijppan.pl\/en\/wp-json\/wp\/v2\/users\/2"}],"replies":[{"embeddable":true,"href":"https:\/\/ijppan.pl\/en\/wp-json\/wp\/v2\/comments?post=9955"}],"version-history":[{"count":1,"href":"https:\/\/ijppan.pl\/en\/wp-json\/wp\/v2\/pages\/9955\/revisions"}],"predecessor-version":[{"id":9958,"href":"https:\/\/ijppan.pl\/en\/wp-json\/wp\/v2\/pages\/9955\/revisions\/9958"}],"up":[{"embeddable":true,"href":"https:\/\/ijppan.pl\/en\/wp-json\/wp\/v2\/pages\/94"}],"wp:attachment":[{"href":"https:\/\/ijppan.pl\/en\/wp-json\/wp\/v2\/media?parent=9955"}],"curies":[{"name":"wp","href":"https:\/\/api.w.org\/{rel}","templated":true}]}}